{"id":18560,"date":"2017-10-23T09:07:55","date_gmt":"2017-10-23T09:07:55","guid":{"rendered":"https:\/\/mittspeciellabarn.se\/product\/lagenhetsuthyrning-pa-grand-hotel\/"},"modified":"2017-10-23T09:07:55","modified_gmt":"2017-10-23T09:07:55","slug":"lagenhetsuthyrning-pa-grand-hotel","status":"publish","type":"product","link":"https:\/\/mittspeciellabarn.se\/sv\/produkt\/lagenhetsuthyrning-pa-grand-hotel\/","title":{"rendered":"L\u00e4genhetsuthyrning p\u00e5 Grand Hotel"},"content":{"rendered":"<dl class=\"gt3_dl\">\n<dt>Plats<\/dt>\n<dd>Fantastisk utsikt \u00f6ver inlandet. Lyxig villa med plats f\u00f6r 10 personer i ett rum i loftstil. Fastigheten str\u00e4cker sig \u00f6ver 10 tunnland. H\u00e4star och hundar \u00e4r v\u00e4lkomna. Badtunna med \u00f6ppen spis och 25 m l\u00e5ng pool utrustad med en paviljong f\u00f6r dyk i filmer    <\/dd>\n<\/dl>\n<dl class=\"gt3_dl\">\n<dt>Funktioner<\/dt>\n<dd>Fantastisk utsikt \u00f6ver inlandet. Lyxig villa med plats f\u00f6r 10 personer i ett rum i loftstil. Fastigheten str\u00e4cker sig \u00f6ver 10 tunnland. H\u00e4star och hundar \u00e4r v\u00e4lkomna. Badtunna med \u00f6ppen spis och 25 m l\u00e5ng pool utrustad med en paviljong f\u00f6r dyk i filmer    <\/dd>\n<\/dl>\n<dl class=\"gt3_dl\">\n<dt>Amenties<\/dt>\n<dd>Fantastisk utsikt \u00f6ver inlandet. Lyxig villa med plats f\u00f6r 10 personer i ett rum i loftstil. Fastigheten str\u00e4cker sig \u00f6ver 10 tunnland. H\u00e4star och hundar \u00e4r v\u00e4lkomna. Badtunna med \u00f6ppen spis och 25 m l\u00e5ng pool utrustad med en paviljong f\u00f6r dyk i filmer    <\/dd>\n<\/dl>\n","protected":false},"excerpt":{"rendered":"<p>Plats Fantastisk utsikt \u00f6ver inlandet. Lyxig villa med plats f\u00f6r 10 personer i ett rum i loftstil. Fastigheten str\u00e4cker sig \u00f6ver 10 tunnland. H\u00e4star och hundar \u00e4r v\u00e4lkomna. Badtunna med \u00f6ppen spis och 25 m l\u00e5ng pool utrustad med en paviljong f\u00f6r dyk i filmer Funktioner Fantastisk utsikt \u00f6ver inlandet. Lyxig villa med plats f\u00f6r [&hellip;]<\/p>\n","protected":false},"featured_media":15646,"comment_status":"open","ping_status":"closed","template":"","meta":{"_mi_skip_tracking":false,"_monsterinsights_sitenote_active":false,"_monsterinsights_sitenote_note":"","_monsterinsights_sitenote_category":0},"product_cat":[454],"product_tag":[],"_links":{"self":[{"href":"https:\/\/mittspeciellabarn.se\/sv\/wp-json\/wp\/v2\/product\/18560"}],"collection":[{"href":"https:\/\/mittspeciellabarn.se\/sv\/wp-json\/wp\/v2\/product"}],"about":[{"href":"https:\/\/mittspeciellabarn.se\/sv\/wp-json\/wp\/v2\/types\/product"}],"replies":[{"embeddable":true,"href":"https:\/\/mittspeciellabarn.se\/sv\/wp-json\/wp\/v2\/comments?post=18560"}],"wp:featuredmedia":[{"embeddable":true,"href":"https:\/\/mittspeciellabarn.se\/sv\/wp-json\/wp\/v2\/media\/15646"}],"wp:attachment":[{"href":"https:\/\/mittspeciellabarn.se\/sv\/wp-json\/wp\/v2\/media?parent=18560"}],"wp:term":[{"taxonomy":"product_cat","embeddable":true,"href":"https:\/\/mittspeciellabarn.se\/sv\/wp-json\/wp\/v2\/product_cat?post=18560"},{"taxonomy":"product_tag","embeddable":true,"href":"https:\/\/mittspeciellabarn.se\/sv\/wp-json\/wp\/v2\/product_tag?post=18560"}],"curies":[{"name":"wp","href":"https:\/\/api.w.org\/{rel}","templated":true}]}}