{"id":17248,"date":"2023-05-03T16:15:11","date_gmt":"2023-05-03T16:15:11","guid":{"rendered":"https:\/\/mittspeciellabarn.se\/integritetspolicy\/"},"modified":"2024-01-25T15:52:53","modified_gmt":"2024-01-25T15:52:53","slug":"integritetspolicy","status":"publish","type":"page","link":"https:\/\/mittspeciellabarn.se\/sv\/integritetspolicy\/","title":{"rendered":"Integritetspolicy"},"content":{"rendered":"<div class=\"wpb-content-wrapper\">[vc_row][vc_column][vc_column_text]\r\n\r\n<p>&nbsp;<\/p>\r\n<p><strong>Mittspeciellabarns integritetspolicy<\/strong><\/p>\r\n<p>Denna integritetspolicy beskriver hur Mittspeciellabarn samlar in, anv\u00e4nder och delar personuppgifter. Policyn g\u00e4ller f\u00f6r uppgifter vi samlar in n\u00e4r du bes\u00f6ker v\u00e5r webbplats, sk\u00e4nker pengar, \u00e4r volont\u00e4r eller p\u00e5 annat s\u00e4tt interagerar med oss.<\/p>\r\n<p><br \/><strong>Vilka vi \u00e4r<\/strong><\/p>\r\n<p>Mitt Speciella Barn \u00e4r en ideell f\u00f6rening baserad i Helsingborg, best\u00e5ende av engagerade personer som \u00e4r dedicerade till att st\u00f6tta personer med s\u00e4rskilda behov och deras familjer.<\/p>\r\n<p><br \/><strong>Information vi samlar in<\/strong><br \/>Vi samlar in personuppgifter s\u00e5som ditt namn, kontaktuppgifter, donationshistorik och annan information du frivilligt tillhandah\u00e5ller oss. Vi samlar ocks\u00e5 in anonym information via v\u00e5r webbplats, s\u00e5som bes\u00f6kta sidor och tid tillbringad p\u00e5 sidorna.<\/p>\r\n<p><br \/><strong>Hur vi anv\u00e4nder informationen<\/strong><br \/>Vi anv\u00e4nder personuppgifter f\u00f6r att behandla donationer, kommunicera med dig, tillhandah\u00e5lla tj\u00e4nster och information du beg\u00e4r, uppdatera dig om v\u00e5rt arbete samt anpassa din upplevelse p\u00e5 v\u00e5r webbplats. Anonym webbanalys hj\u00e4lper oss att f\u00f6rst\u00e5 hur personer anv\u00e4nder v\u00e5r webbplats s\u00e5 att vi kan f\u00f6rb\u00e4ttra den.<\/p>\r\n<p><br \/><strong>Delning av information<\/strong><br \/>Vi kommer inte att s\u00e4lja dina personuppgifter. Vi kommer inte att dela dem med tredje part f\u00f6r deras egen marknadsf\u00f6ring. Vi kan dela din information med tj\u00e4nsteleverant\u00f6rer som utf\u00f6r tj\u00e4nster f\u00f6r v\u00e5r r\u00e4kning med l\u00e4mpliga sekretessavtal. Vi kan ocks\u00e5 dela den n\u00e4r s\u00e5 kr\u00e4vs enligt lag eller myndighetsbeslut eller f\u00f6r att skydda Mittspeciellabarn.<\/p>\r\n<p><br \/><strong>Dina val<\/strong><br \/>Du kan v\u00e4lja bort icke-v\u00e4sentlig kommunikation s\u00e5som nyhetsbrev. Du kan beg\u00e4ra \u00e5tkomst till eller \u00e4ndringar av dina personuppgifter genom att kontakta oss. Du kan beg\u00e4ra radering av dina personuppgifter, med f\u00f6rbeh\u00e5ll f\u00f6r legala och redovisningskrav.<\/p>\r\n<p><br \/><strong>Datas\u00e4kerhet<\/strong><br \/>Vi har implementerat allm\u00e4nt accepterade standarder f\u00f6r teknik och s\u00e4kerhet f\u00f6r att skydda personuppgifter fr\u00e5n f\u00f6rlust, missbruk eller f\u00f6r\u00e4ndring. Ingen organisation kan dock helt eliminera dessa risker. Vi kommer att meddela ber\u00f6rda personer omg\u00e5ende vid ett eventuellt dataintr\u00e5ng.<\/p>\r\n<p><br \/><strong>Uppdateringar av policyn<\/strong><br \/>Vi kan komma att \u00e4ndra denna integritetspolicy fr\u00e5n tid till annan och kommer att publicera eventuella uppdateringar p\u00e5 v\u00e5r webbplats. Vi uppmanar dig att kontrollera tillbakaperiodvis.<\/p>\r\n<p><br \/><strong>Kontakta oss<\/strong><br \/>Om du har n\u00e5gra fr\u00e5gor ang\u00e5ende denna integritetspolicy eller v\u00e5ra integritetspraxis, v\u00e4nligen kontakta oss p\u00e5:<\/p>\r\n<p><br \/><strong>E-post<\/strong><br \/>mittspeciellabarn@gmail.com<\/p>\r\n<p><br \/><strong>Organisationsnummer<\/strong><br \/>802538-9795<\/p>\r\n[\/vc_column_text][\/vc_column][\/vc_row]<\/div>","protected":false},"excerpt":{"rendered":"<p>[vc_row][vc_column][vc_column_text] &nbsp; Mittspeciellabarns integritetspolicy Denna integritetspolicy beskriver hur Mittspeciellabarn samlar in, anv\u00e4nder och delar personuppgifter. Policyn g\u00e4ller f\u00f6r uppgifter vi samlar in n\u00e4r du bes\u00f6ker v\u00e5r webbplats, sk\u00e4nker pengar, \u00e4r volont\u00e4r eller p\u00e5 annat s\u00e4tt interagerar med oss. Vilka vi \u00e4r Mitt Speciella Barn \u00e4r en ideell f\u00f6rening baserad i Helsingborg, best\u00e5ende av engagerade personer [&hellip;]<\/p>\n","protected":false},"author":1,"featured_media":0,"parent":0,"menu_order":0,"comment_status":"closed","ping_status":"open","template":"","meta":{"_mi_skip_tracking":false,"_monsterinsights_sitenote_active":false,"_monsterinsights_sitenote_note":"","_monsterinsights_sitenote_category":0},"_links":{"self":[{"href":"https:\/\/mittspeciellabarn.se\/sv\/wp-json\/wp\/v2\/pages\/17248"}],"collection":[{"href":"https:\/\/mittspeciellabarn.se\/sv\/wp-json\/wp\/v2\/pages"}],"about":[{"href":"https:\/\/mittspeciellabarn.se\/sv\/wp-json\/wp\/v2\/types\/page"}],"author":[{"embeddable":true,"href":"https:\/\/mittspeciellabarn.se\/sv\/wp-json\/wp\/v2\/users\/1"}],"replies":[{"embeddable":true,"href":"https:\/\/mittspeciellabarn.se\/sv\/wp-json\/wp\/v2\/comments?post=17248"}],"version-history":[{"count":4,"href":"https:\/\/mittspeciellabarn.se\/sv\/wp-json\/wp\/v2\/pages\/17248\/revisions"}],"predecessor-version":[{"id":17254,"href":"https:\/\/mittspeciellabarn.se\/sv\/wp-json\/wp\/v2\/pages\/17248\/revisions\/17254"}],"wp:attachment":[{"href":"https:\/\/mittspeciellabarn.se\/sv\/wp-json\/wp\/v2\/media?parent=17248"}],"curies":[{"name":"wp","href":"https:\/\/api.w.org\/{rel}","templated":true}]}}