{"id":16599,"date":"2023-11-18T23:13:44","date_gmt":"2023-11-18T23:13:44","guid":{"rendered":"https:\/\/mittspeciellabarn.se\/ledamot-f-engelska\/"},"modified":"2024-03-05T20:37:08","modified_gmt":"2024-03-05T20:37:08","slug":"ledamot-f-engelska","status":"publish","type":"page","link":"https:\/\/mittspeciellabarn.se\/sv\/ledamot-f-engelska\/","title":{"rendered":"Ledamot F Engelska"},"content":{"rendered":"\t\t<div data-elementor-type=\"wp-page\" data-elementor-id=\"16599\" class=\"elementor elementor-16599 elementor-16584\" data-elementor-post-type=\"page\">\n\t\t\t\t\t\t\t\t\t<section class=\"elementor-section elementor-top-section elementor-element elementor-element-8e1ea65 elementor-section-boxed elementor-section-height-default elementor-section-height-default\" data-id=\"8e1ea65\" data-element_type=\"section\">\n\t\t\t\t\t\t<div class=\"elementor-container elementor-column-gap-default\">\n\t\t\t\t\t<div class=\"elementor-column elementor-col-100 elementor-top-column elementor-element elementor-element-06abe3f\" data-id=\"06abe3f\" data-element_type=\"column\">\n\t\t\t<div class=\"elementor-widget-wrap elementor-element-populated\">\n\t\t\t\t\t\t\t\t<div class=\"elementor-element elementor-element-134079a elementor-widget elementor-widget-heading\" data-id=\"134079a\" data-element_type=\"widget\" data-widget_type=\"heading.default\">\n\t\t\t\t<div class=\"elementor-widget-container\">\n\t\t\t<style>\/*! elementor - v3.17.0 - 25-10-2023 *\/\n.elementor-heading-title{padding:0;margin:0;line-height:1}.elementor-widget-heading .elementor-heading-title[class*=elementor-size-]>a{color:inherit;font-size:inherit;line-height:inherit}.elementor-widget-heading .elementor-heading-title.elementor-size-small{font-size:15px}.elementor-widget-heading .elementor-heading-title.elementor-size-medium{font-size:19px}.elementor-widget-heading .elementor-heading-title.elementor-size-large{font-size:29px}.elementor-widget-heading .elementor-heading-title.elementor-size-xl{font-size:39px}.elementor-widget-heading .elementor-heading-title.elementor-size-xxl{font-size:59px}<\/style><h2 class=\"elementor-heading-title elementor-size-default\">Ans\u00f6kan om medlemskap i My Special Child\n<\/h2>\t\t<\/div>\n\t\t\t\t<\/div>\n\t\t\t\t<div class=\"elementor-element elementor-element-2ca701f elementor-widget elementor-widget-text-editor\" data-id=\"2ca701f\" data-element_type=\"widget\" data-widget_type=\"text-editor.default\">\n\t\t\t\t<div class=\"elementor-widget-container\">\n\t\t\t<style>\/*! elementor - v3.17.0 - 25-10-2023 *\/\n.elementor-widget-text-editor.elementor-drop-cap-view-stacked .elementor-drop-cap{background-color:#69727d;color:#fff}.elementor-widget-text-editor.elementor-drop-cap-view-framed .elementor-drop-cap{color:#69727d;border:3px solid;background-color:transparent}.elementor-widget-text-editor:not(.elementor-drop-cap-view-default) .elementor-drop-cap{margin-top:8px}.elementor-widget-text-editor:not(.elementor-drop-cap-view-default) .elementor-drop-cap-letter{width:1em;height:1em}.elementor-widget-text-editor .elementor-drop-cap{float:left;text-align:center;line-height:1;font-size:50px}.elementor-widget-text-editor .elementor-drop-cap-letter{display:inline-block}<\/style>\t\t\t\t<p><span style=\"font-weight: 400; color: #000000;\">Tack f\u00f6r att du vill vara med oss!<\/span><\/p><p><span style=\"font-weight: 400; color: #000000;\">Vi har tv\u00e5 typer av medlemskap:<\/span><\/p><ol><li><span style=\"font-weight: 400; color: #000000;\">Prim\u00e4r medlem Ans\u00f6kan g\u00e4ller f\u00f6r en person.<\/span><\/li><li><span style=\"font-weight: 400; color: #000000;\">Familjemedlem Finns det fler av dig i familjen? I s\u00e5 fall fyller alla i sin egen medlemsans\u00f6kan och v\u00e4ljer alternativet Familjemedlem. F\u00f6r att r\u00e4knas som familjemedlem m\u00e5ste du vara folkbokf\u00f6rd p\u00e5 samma adress som Huvudmedlemmen.<\/span><\/li><\/ol><p><span style=\"font-weight: 400; color: #000000;\">N\u00e4r du registrerar dig som medlem kommer du att f\u00e5 ett automatiskt svar som inneh\u00e5ller ett OCR-nummer. Detta nummer m\u00e5ste anges n\u00e4r betalningen g\u00f6rs till <strong>swish 123-235 74\u00a065<\/strong>. Om e-postmeddelandet inte finns i din inkorg, kontrollera din skr\u00e4ppost f\u00f6r att se till att det inte har hamnat d\u00e4r. Om du fortfarande saknar information, v\u00e4nligen kontakta mittspeciellabarn@gmail.com .<\/span><\/p><p><span style=\"font-weight: 400; color: #000000;\">Om du registrerar ditt medlemskap efter den 1 november ing\u00e5r \u00e4ven n\u00e4sta \u00e5r i medlemsavgiften.<\/span><\/p>\t\t\t\t\t\t<\/div>\n\t\t\t\t<\/div>\n\t\t\t\t\t<\/div>\n\t\t<\/div>\n\t\t\t\t\t\t\t<\/div>\n\t\t<\/section>\n\t\t\t\t<section class=\"elementor-section elementor-top-section elementor-element elementor-element-1d21efe elementor-section-boxed elementor-section-height-default elementor-section-height-default\" data-id=\"1d21efe\" data-element_type=\"section\">\n\t\t\t\t\t\t<div class=\"elementor-container elementor-column-gap-default\">\n\t\t\t\t\t<div class=\"elementor-column elementor-col-100 elementor-top-column elementor-element elementor-element-ed3a87b\" data-id=\"ed3a87b\" data-element_type=\"column\">\n\t\t\t<div class=\"elementor-widget-wrap elementor-element-populated\">\n\t\t\t\t\t\t\t\t<div class=\"elementor-element elementor-element-74d9209 elementor-widget elementor-widget-wpforms\" data-id=\"74d9209\" data-element_type=\"widget\" data-widget_type=\"wpforms.default\">\n\t\t\t\t<div class=\"elementor-widget-container\">\n\t\t\t<div class=\"wpforms-container \" id=\"wpforms-16581\"><form id=\"wpforms-form-16581\" class=\"wpforms-validate wpforms-form wpforms-ajax-form\" data-formid=\"16581\" method=\"post\" enctype=\"multipart\/form-data\" action=\"\/sv\/wp-json\/wp\/v2\/pages\/16599\" data-token=\"59aef024435edb3ac7fb957ec869aa8a\"><noscript class=\"wpforms-error-noscript\">Aktivera JavaScript i din webbl\u00e4sare f\u00f6r att slutf\u00f6ra detta formul\u00e4r.<\/noscript><div class=\"wpforms-field-container\"><div id=\"wpforms-16581-field_1-container\" class=\"wpforms-field wpforms-field-radio\" data-field-id=\"1\"><label class=\"wpforms-field-label\" for=\"wpforms-16581-field_1\">Typ av medlemskap <span class=\"wpforms-required-label\">*<\/span><\/label><ul id=\"wpforms-16581-field_1\" class=\"wpforms-field-required\"><li class=\"choice-1 depth-1\"><input type=\"radio\" id=\"wpforms-16581-field_1_1\" name=\"wpforms[fields][1]\" value=\"Prim\u00e4r medlem - 150,00 SEK\" required ><label class=\"wpforms-field-label-inline\" for=\"wpforms-16581-field_1_1\">Prim\u00e4r medlem - 150,00 SEK<\/label><\/li><li class=\"choice-2 depth-1\"><input type=\"radio\" id=\"wpforms-16581-field_1_2\" name=\"wpforms[fields][1]\" value=\"Familjemedlem - 400,00 SEK\" required ><label class=\"wpforms-field-label-inline\" for=\"wpforms-16581-field_1_2\">Familjemedlem - 400,00 SEK<\/label><\/li><\/ul><\/div><div id=\"wpforms-16581-field_15-container\" class=\"wpforms-field wpforms-field-text\" data-field-id=\"15\"><label class=\"wpforms-field-label\" for=\"wpforms-16581-field_15\">F\u00f6rnamn <span class=\"wpforms-required-label\">*<\/span><\/label><input type=\"text\" id=\"wpforms-16581-field_15\" class=\"wpforms-field-medium wpforms-field-required\" name=\"wpforms[fields][15]\" required><\/div><div id=\"wpforms-16581-field_16-container\" class=\"wpforms-field wpforms-field-text\" data-field-id=\"16\"><label class=\"wpforms-field-label\" for=\"wpforms-16581-field_16\">Efternamn <span class=\"wpforms-required-label\">*<\/span><\/label><input type=\"text\" id=\"wpforms-16581-field_16\" class=\"wpforms-field-medium wpforms-field-required\" name=\"wpforms[fields][16]\" required><\/div><div id=\"wpforms-16581-field_4-container\" class=\"wpforms-field wpforms-field-text\" data-field-id=\"4\"><label class=\"wpforms-field-label\" for=\"wpforms-16581-field_4\">Personligt identifieringsnummer (\u00c5\u00c5MMDD) utan de sista 4 siffrorna <span class=\"wpforms-required-label\">*<\/span><\/label><input type=\"text\" id=\"wpforms-16581-field_4\" class=\"wpforms-field-medium wpforms-field-required\" name=\"wpforms[fields][4]\" required><\/div><div id=\"wpforms-16581-field_5-container\" class=\"wpforms-field wpforms-field-textarea\" data-field-id=\"5\"><label class=\"wpforms-field-label\" for=\"wpforms-16581-field_5\">Adress  <span class=\"wpforms-required-label\">*<\/span><\/label><textarea id=\"wpforms-16581-field_5\" class=\"wpforms-field-medium wpforms-field-required\" name=\"wpforms[fields][5]\" required><\/textarea><\/div><div id=\"wpforms-16581-field_6-container\" class=\"wpforms-field wpforms-field-text\" data-field-id=\"6\"><label class=\"wpforms-field-label\" for=\"wpforms-16581-field_6\"> Postnummer  <span class=\"wpforms-required-label\">*<\/span><\/label><input type=\"text\" id=\"wpforms-16581-field_6\" class=\"wpforms-field-medium wpforms-field-required\" name=\"wpforms[fields][6]\" required><\/div><div id=\"wpforms-16581-field_7-container\" class=\"wpforms-field wpforms-field-text\" data-field-id=\"7\"><label class=\"wpforms-field-label\" for=\"wpforms-16581-field_7\">Stad <span class=\"wpforms-required-label\">*<\/span><\/label><input type=\"text\" id=\"wpforms-16581-field_7\" class=\"wpforms-field-medium wpforms-field-required\" name=\"wpforms[fields][7]\" required><\/div><div id=\"wpforms-16581-field_8-container\" class=\"wpforms-field wpforms-field-text\" data-field-id=\"8\"><label class=\"wpforms-field-label\" for=\"wpforms-16581-field_8\">Diagnos<\/label><input type=\"text\" id=\"wpforms-16581-field_8\" class=\"wpforms-field-medium\" name=\"wpforms[fields][8]\" ><\/div><div id=\"wpforms-16581-field_12-container\" class=\"wpforms-field wpforms-field-email\" data-field-id=\"12\"><label class=\"wpforms-field-label\" for=\"wpforms-16581-field_12\">E-post <span class=\"wpforms-required-label\">*<\/span><\/label><input type=\"email\" id=\"wpforms-16581-field_12\" class=\"wpforms-field-medium wpforms-field-required\" name=\"wpforms[fields][12]\" spellcheck=\"false\" required><\/div><div id=\"wpforms-16581-field_13-container\" class=\"wpforms-field wpforms-field-email\" data-field-id=\"13\"><label class=\"wpforms-field-label\" for=\"wpforms-16581-field_13\">Upprepa e-postmeddelande <span class=\"wpforms-required-label\">*<\/span><\/label><input type=\"email\" id=\"wpforms-16581-field_13\" class=\"wpforms-field-medium wpforms-field-required\" name=\"wpforms[fields][13]\" spellcheck=\"false\" required><\/div><div id=\"wpforms-16581-field_14-container\" class=\"wpforms-field wpforms-field-checkbox\" data-field-id=\"14\"><label class=\"wpforms-field-label\" for=\"wpforms-16581-field_14\">V\u00e4nligen bekr\u00e4fta  <span class=\"wpforms-required-label\">*<\/span><\/label><ul id=\"wpforms-16581-field_14\" class=\"wpforms-field-required\"><li class=\"choice-1 depth-1\"><input type=\"checkbox\" id=\"wpforms-16581-field_14_1\" name=\"wpforms[fields][14][]\" value=\"Jag har l\u00e4st och godk\u00e4nt de allm\u00e4nna villkoren\" required ><label class=\"wpforms-field-label-inline\" for=\"wpforms-16581-field_14_1\">Jag har l\u00e4st och godk\u00e4nt de allm\u00e4nna villkoren<\/label><\/li><\/ul><\/div><\/div><!-- .wpforms-field-container --><div class=\"wpforms-submit-container\" ><input type=\"hidden\" name=\"wpforms[id]\" value=\"16581\"><input type=\"hidden\" name=\"wpforms[author]\" value=\"4\"><button type=\"submit\" name=\"wpforms[submit]\" id=\"wpforms-submit-16581\" class=\"wpforms-submit\" data-alt-text=\"Skickar...\" data-submit-text=\"Skicka in\" aria-live=\"assertive\" value=\"wpforms-submit\">Skicka in<\/button><img decoding=\"async\" loading=\"lazy\" src=\"https:\/\/mittspeciellabarn.se\/wp-content\/plugins\/wpforms-lite\/assets\/images\/submit-spin.svg\" class=\"wpforms-submit-spinner\" style=\"display: none;\" width=\"26\" height=\"26\" alt=\"Laddar\"><\/div><\/form><\/div>  <!-- .wpforms-container -->\t\t<\/div>\n\t\t\t\t<\/div>\n\t\t\t\t\t<\/div>\n\t\t<\/div>\n\t\t\t\t\t\t\t<\/div>\n\t\t<\/section>\n\t\t\t\t\t\t\t<\/div>\n\t\t","protected":false},"excerpt":{"rendered":"<p>Ans\u00f6kan om medlemskap i My Special Child Tack f\u00f6r att du vill vara med oss! Vi har tv\u00e5 typer av medlemskap: Prim\u00e4r medlem Ans\u00f6kan g\u00e4ller f\u00f6r en person. Familjemedlem Finns det fler av dig i familjen? I s\u00e5 fall fyller alla i sin egen medlemsans\u00f6kan och v\u00e4ljer alternativet Familjemedlem. F\u00f6r att r\u00e4knas som familjemedlem m\u00e5ste [&hellip;]<\/p>\n","protected":false},"author":4,"featured_media":0,"parent":0,"menu_order":0,"comment_status":"closed","ping_status":"closed","template":"","meta":{"_mi_skip_tracking":false,"_monsterinsights_sitenote_active":false,"_monsterinsights_sitenote_note":"","_monsterinsights_sitenote_category":0},"_links":{"self":[{"href":"https:\/\/mittspeciellabarn.se\/sv\/wp-json\/wp\/v2\/pages\/16599"}],"collection":[{"href":"https:\/\/mittspeciellabarn.se\/sv\/wp-json\/wp\/v2\/pages"}],"about":[{"href":"https:\/\/mittspeciellabarn.se\/sv\/wp-json\/wp\/v2\/types\/page"}],"author":[{"embeddable":true,"href":"https:\/\/mittspeciellabarn.se\/sv\/wp-json\/wp\/v2\/users\/4"}],"replies":[{"embeddable":true,"href":"https:\/\/mittspeciellabarn.se\/sv\/wp-json\/wp\/v2\/comments?post=16599"}],"version-history":[{"count":14,"href":"https:\/\/mittspeciellabarn.se\/sv\/wp-json\/wp\/v2\/pages\/16599\/revisions"}],"predecessor-version":[{"id":17550,"href":"https:\/\/mittspeciellabarn.se\/sv\/wp-json\/wp\/v2\/pages\/16599\/revisions\/17550"}],"wp:attachment":[{"href":"https:\/\/mittspeciellabarn.se\/sv\/wp-json\/wp\/v2\/media?parent=16599"}],"curies":[{"name":"wp","href":"https:\/\/api.w.org\/{rel}","templated":true}]}}