{"id":16329,"date":"2020-09-15T06:48:51","date_gmt":"2020-09-15T06:48:51","guid":{"rendered":"https:\/\/mittspeciellabarn.se\/sammanslutningar\/"},"modified":"2025-11-28T23:56:28","modified_gmt":"2025-11-28T23:56:28","slug":"sammanslutningar","status":"publish","type":"page","link":"https:\/\/mittspeciellabarn.se\/sv\/sammanslutningar\/","title":{"rendered":"Sammanslutningar"},"content":{"rendered":"<div class=\"wpb-content-wrapper\">[vc_row][vc_column][vc_empty_space height=&#8221;25px&#8221;][vc_column_text]\n<div class=\"search-form\">\n<form role=\"search\" action=\"\" method=\"get\"><input name=\"search_keywords\" type=\"text\" placeholder=\"Vad letar du efter?\" \/><br \/>\n<input type=\"submit\" value=\"S\u00f6k\" \/><\/form>\n<\/div>\n[\/vc_column_text][\/vc_column][\/vc_row][vc_row][vc_column][gt3_listing_grid items_per_line=&#8221;4&#8243; per_page=&#8221;12&#8243; show_filters=&#8221;&#8221; pagination_type=&#8221;pagination&#8221; categories=&#8221;association&#8221;][\/vc_column][\/vc_row][vc_row][vc_column][vc_message]<b><i>Anm\u00e4rkning om datainsamling:<\/i><\/b> <i><span style=\"font-weight: 400;\">All data vi samlar in kommer fr\u00e5n enskilda personer, vilket ger f\u00f6rstahandsupplevelser och insikter. Vi uppmanar alla att bes\u00f6ka de enskilda f\u00f6reningarnas webbplatser f\u00f6r mer detaljerad information om deras tj\u00e4nster. <\/span><\/i>[\/vc_message][\/vc_column][\/vc_row]\n<\/div>","protected":false},"excerpt":{"rendered":"<p>[vc_row][vc_column][vc_empty_space height=&#8221;25px&#8221;][vc_column_text] [\/vc_column_text][\/vc_column][\/vc_row][vc_row][vc_column][gt3_listing_grid items_per_line=&#8221;4&#8243; per_page=&#8221;12&#8243; show_filters=&#8221;&#8221; pagination_type=&#8221;pagination&#8221; categories=&#8221;association&#8221;][\/vc_column][\/vc_row][vc_row][vc_column][vc_message]Anm\u00e4rkning om datainsamling: All data vi samlar in kommer fr\u00e5n enskilda personer, vilket ger f\u00f6rstahandsupplevelser och insikter. Vi uppmanar alla att bes\u00f6ka de enskilda f\u00f6reningarnas webbplatser f\u00f6r mer detaljerad information om deras tj\u00e4nster. [\/vc_message][\/vc_column][\/vc_row]<\/p>\n","protected":false},"author":1,"featured_media":0,"parent":0,"menu_order":0,"comment_status":"closed","ping_status":"closed","template":"","meta":{"_mi_skip_tracking":false,"_monsterinsights_sitenote_active":false,"_monsterinsights_sitenote_note":"","_monsterinsights_sitenote_category":0},"_links":{"self":[{"href":"https:\/\/mittspeciellabarn.se\/sv\/wp-json\/wp\/v2\/pages\/16329"}],"collection":[{"href":"https:\/\/mittspeciellabarn.se\/sv\/wp-json\/wp\/v2\/pages"}],"about":[{"href":"https:\/\/mittspeciellabarn.se\/sv\/wp-json\/wp\/v2\/types\/page"}],"author":[{"embeddable":true,"href":"https:\/\/mittspeciellabarn.se\/sv\/wp-json\/wp\/v2\/users\/1"}],"replies":[{"embeddable":true,"href":"https:\/\/mittspeciellabarn.se\/sv\/wp-json\/wp\/v2\/comments?post=16329"}],"version-history":[{"count":24,"href":"https:\/\/mittspeciellabarn.se\/sv\/wp-json\/wp\/v2\/pages\/16329\/revisions"}],"predecessor-version":[{"id":19066,"href":"https:\/\/mittspeciellabarn.se\/sv\/wp-json\/wp\/v2\/pages\/16329\/revisions\/19066"}],"wp:attachment":[{"href":"https:\/\/mittspeciellabarn.se\/sv\/wp-json\/wp\/v2\/media?parent=16329"}],"curies":[{"name":"wp","href":"https:\/\/api.w.org\/{rel}","templated":true}]}}