{"id":18667,"date":"2017-10-17T07:28:41","date_gmt":"2017-10-17T07:28:41","guid":{"rendered":"https:\/\/mittspeciellabarn.se\/guriga-i\/"},"modified":"2025-11-27T14:25:10","modified_gmt":"2025-11-27T14:25:10","slug":"guriga-i","status":"publish","type":"page","link":"https:\/\/mittspeciellabarn.se\/so\/guriga-i\/","title":{"rendered":"Guriga I"},"content":{"rendered":"<div class=\"wpb-content-wrapper\">[vc_row full_width=&#8221;stretch_row&#8221; column_bubbles=&#8221;yes&#8221; css=&#8221;.vc_custom_1690937337130{margin-top: -40px !important;background-position: center !important;background-repeat: no-repeat !important;background-size: cover !important;}&#8221;][vc_column][smartslider3][\/vc_column][\/vc_row][vc_row full_width=&#8221;stretch_row&#8221; column_bubbles=&#8221;yes&#8221; css=&#8221;.vc_custom_1690937759167{margin-top: -135px !important;background-position: center !important;background-repeat: no-repeat !important;background-size: cover !important;}&#8221;][vc_column][smartslider3 slider=&#8221;2&#8243;][\/vc_column][vc_column][vc_row_inner][vc_column_inner width=&#8221;1\/6&#8243;][\/vc_column_inner][vc_column_inner width=&#8221;2\/3&#8243;][vc_raw_html]PGlmcmFtZSB3aWR0aD0iNTYwIiBoZWlnaHQ9IjMxNSIgc3JjPSJodHRwczovL3d3dy55b3V0dWJlLmNvbS9lbWJlZC9lZENsaTlUd2Y4WSIgdGl0bGU9IkNpeWFhcnRveWdhIGZpaWRpeW93Z2EgWW91VHViZSIgZnJhbWVib3JkZXI9IjAiIGFsbG93PSJhY2NlbGVyb21ldGVyOyBhdXRvcGxheTsgY2xpcGJvYXJkLXdyaXRlOyBlbmNyeXB0ZWQtbWVkaWE7IGd5cm9zY29wZTsgcGljdHVyZS1pbi1waWN0dXJlOyB3ZWItc2hhcmUiIGFsbG93ZnVsbHNjcmVlbj0iIj48L2lmcmFtZT4=[\/vc_raw_html][\/vc_column_inner][vc_column_inner width=&#8221;1\/6&#8243;][\/vc_column_inner][\/vc_row_inner][\/vc_column][\/vc_row][vc_row full_width=&#8221;stretch_row&#8221; css=&#8221;.vc_custom_1508335292319{background-color: #ffffff !important;}&#8221;][vc_column width=&#8221;2\/3&#8243; css=&#8221;.vc_custom_1508502007650{padding-top: 0px !important;}&#8221;][vc_empty_space height=&#8221;100px&#8221;][vc_custom_heading text=&#8221;Lasoco wax cusub&#8221;][vc_empty_space][vc_column_text]Nagala soco baraha bulshada oo baro dhammaan wixii ku soo kordha marka hore[\/vc_column_text][vc_row_inner][vc_column_inner width=&#8221;1\/4&#8243;][\/vc_column_inner][vc_column_inner width=&#8221;3\/4&#8243;][vc_single_image image=&#8221;18671&#8243;][\/vc_column_inner][\/vc_row_inner][\/vc_column][vc_column width=&#8221;1\/3&#8243;][vc_column_text]<strong><b>[FBW]<\/b><\/strong>[\/vc_column_text][\/vc_column][\/vc_row][vc_row full_width=&#8221;stretch_row_content_no_spaces&#8221; equal_height=&#8221;yes&#8221; css=&#8221;.vc_custom_1689698631929{background-color: #ffffff !important;}&#8221;][vc_column parallax=&#8221;content-moving&#8221; width=&#8221;1\/2&#8243; css=&#8221;.vc_custom_1690942386492{padding-top: 0px !important;padding-right: 0px !important;padding-bottom: 0px !important;padding-left: 0px !important;background-image: url(http:\/\/mittspeciellabarn.se\/wp-content\/uploads\/2023\/08\/383033a9-8af7-4ec7-9adf-859ad446f18e-1.jpeg?id=15896) !important;background-position: center !important;background-repeat: no-repeat !important;background-size: cover !important;}&#8221;][\/vc_column][vc_column width=&#8221;1\/2&#8243; css=&#8221;.vc_custom_1689698693381{padding-left: 20px !important;background-color: #38b6ff !important;}&#8221;][gt3_spacing height=&#8221;32px&#8221;][vc_custom_heading text=&#8221;Noolow oo ka qayb qaado bulshadaada&#8221; font_container=&#8221;tag:h2|text_align:left|color:%23ffffff&#8221;][gt3_spacing height=&#8221;32px&#8221;][vc_column_text]<span style=\"font-weight: 400; color: #ffffff;\">Ururadu waxay bixiyaan siyaabo kala duwan oo kaa caawinaya inaad ku raaxaysato noloshaada dhib la&#8217;aan waxayna soo bandhigaan hawlo badan, dhacdooyin iyo koorasyo \u200b\u200bnolol maalmeedka wanaagsan<\/span>[\/vc_column_text][gt3_button button_title=&#8221;Know More&#8221; button_alignment=&#8221;center&#8221; btn_border_radius=&#8221;25px&#8221; use_theme_button=&#8221;&#8221; btn_bg_color=&#8221;#e08a28&#8243; btn_text_color=&#8221;#ffffff&#8221; btn_bg_color_hover=&#8221;#ffffff&#8221; btn_text_color_hover=&#8221;#28b8dc&#8221; btn_icon_color=&#8221;#ffffff&#8221; btn_icon_color_hover=&#8221;#ffffff&#8221; btn_border_color=&#8221;#28b8dc&#8221; btn_border_color_hover=&#8221;#28b8dc&#8221; link=&#8221;url:https%3A%2F%2Fmittspeciellabarn.se%2Fservices%2F|title:Associations&#8221;][gt3_spacing height=&#8221;32px&#8221;][\/vc_column][\/vc_row][vc_row full_width=&#8221;stretch_row_content_no_spaces&#8221; equal_height=&#8221;yes&#8221; css=&#8221;.vc_custom_1690943048555{background-color: #ffffff !important;}&#8221;][vc_column width=&#8221;1\/2&#8243; css=&#8221;.vc_custom_1689698834871{padding-left: 20px !important;background-color: #2dc113 !important;}&#8221;][gt3_spacing height=&#8221;32px&#8221;][vc_custom_heading text=&#8221;Barashada, horumarka iyo madadaalada&#8221; font_container=&#8221;tag:h2|text_align:left|color:%23ffffff&#8221;][gt3_spacing height=&#8221;32px&#8221;][vc_column_text]<span style=\"font-weight: 400; color: #ffffff;\">Waxaa jira hawlo badan oo aad ku biiri karto ayaa kaa caawin doona inaad ku raaxaysato noloshaada oo aad ku hesho xirfado cusub koorsooyin, tababaro, dhaqamo iyo ciyaaraha caafimaadka maskaxda iyo jidhka  <\/span>[\/vc_column_text][gt3_button button_title=&#8221;Know More&#8221; button_alignment=&#8221;center&#8221; btn_border_radius=&#8221;25px&#8221; use_theme_button=&#8221;&#8221; btn_bg_color=&#8221;#e08a28&#8243; btn_text_color=&#8221;#ffffff&#8221; btn_bg_color_hover=&#8221;#ffffff&#8221; btn_text_color_hover=&#8221;#28b8dc&#8221; btn_icon_color=&#8221;#ffffff&#8221; btn_icon_color_hover=&#8221;#ffffff&#8221; btn_border_color=&#8221;#28b8dc&#8221; btn_border_color_hover=&#8221;#28b8dc&#8221; link=&#8221;url:https%3A%2F%2Fmittspeciellabarn.se%2Factivities-2%2F|title:Activities&#8221;][\/vc_column][vc_column parallax=&#8221;content-moving&#8221; width=&#8221;1\/2&#8243; css=&#8221;.vc_custom_1690942728200{padding-top: 0px !important;padding-right: 0px !important;padding-bottom: 0px !important;padding-left: 0px !important;background-image: url(http:\/\/mittspeciellabarn.se\/wp-content\/uploads\/2023\/08\/IMG_9983.jpg?id=15903) !important;background-position: center !important;background-repeat: no-repeat !important;background-size: cover !important;}&#8221;][\/vc_column][\/vc_row][vc_row full_width=&#8221;stretch_row_content_no_spaces&#8221; equal_height=&#8221;yes&#8221; css=&#8221;.vc_custom_1689698631929{background-color: #ffffff !important;}&#8221;][vc_column parallax=&#8221;content-moving&#8221; width=&#8221;1\/2&#8243; css=&#8221;.vc_custom_1690942892622{padding-top: 0px !important;padding-right: 0px !important;padding-bottom: 0px !important;padding-left: 0px !important;background-image: url(http:\/\/mittspeciellabarn.se\/wp-content\/uploads\/2023\/08\/ed032929-1617-4a44-aefb-cd37ec3bab82.jpeg?id=15900) !important;background-position: center !important;background-repeat: no-repeat !important;background-size: cover !important;}&#8221;][\/vc_column][vc_column width=&#8221;1\/2&#8243; css=&#8221;.vc_custom_1689698906996{padding-left: 20px !important;background-color: #38b6ff !important;}&#8221;][gt3_spacing height=&#8221;32px&#8221;][vc_custom_heading text=&#8221;Ku raaxayso nolol maalmeedkaaga&#8221; font_container=&#8221;tag:h2|text_align:left|color:%23ffffff&#8221; google_fonts=&#8221;font_family:Montserrat%3Aregular%2C700|font_style:400%20regular%3A400%3Anormal&#8221;][gt3_spacing height=&#8221;32px&#8221;][vc_column_text]<span style=\"font-weight: 400;\"><span style=\"color: #ffffff;\">Bulshadayada oo ka wakiil ah dawladda, ururada aan dawliga ahayn iyo shirkadaha waxay taageertaa dadka naafada ah maalin kasta iyo daqiiqad kasta si kasta sida kaalmada maaliyadeed, hoy la heli karo, tababar xirfadeed, adeegyada daryeelka caafimaadka, iyo ilaalinta sharciga.<\/span> <\/span>[\/vc_column_text][gt3_button button_title=&#8221;Know More&#8221; button_alignment=&#8221;center&#8221; btn_border_radius=&#8221;25px&#8221; use_theme_button=&#8221;&#8221; btn_bg_color=&#8221;#e08a28&#8243; btn_text_color=&#8221;#ffffff&#8221; btn_bg_color_hover=&#8221;#ffffff&#8221; btn_text_color_hover=&#8221;#28b8dc&#8221; btn_icon_color=&#8221;#ffffff&#8221; btn_icon_color_hover=&#8221;#ffffff&#8221; btn_border_color=&#8221;#28b8dc&#8221; btn_border_color_hover=&#8221;#28b8dc&#8221; link=&#8221;url:https%3A%2F%2Fmittspeciellabarn.se%2Fcommunity-support%2F|title:Community%20support&#8221;][\/vc_column][\/vc_row][vc_row full_width=&#8221;stretch_row&#8221; css=&#8221;.vc_custom_1689693294204{background-image: url(http:\/\/mittspeciellabarn.se\/wp-content\/uploads\/2023\/07\/Untitled-design-36.png?id=15230) !important;background-position: center !important;background-repeat: no-repeat !important;background-size: cover !important;}&#8221;][vc_column][gt3_spacing height=&#8221;120px&#8221; responsive_es=&#8221;true&#8221; height_size_sm_desctop=&#8221;90&#8243; height_mobile=&#8221;70&#8243;][vc_column_text][\/vc_column_text][gt3_custom_text text_color=&#8221;#ffffff&#8221; font_size=&#8221;72&#8243; line_height=&#8221;100&#8243; responsive_font=&#8221;true&#8221; font_size_mobile=&#8221;42&#8243;]\n<h2 style=\"text-align: center;\"><span style=\"font-weight: 900;\" class=\"gt3_font-weight\">A barrier-free environment<\/span><\/h2>\n[\/gt3_custom_text][gt3_spacing height=&#8221;15px&#8221;][vc_row_inner][vc_column_inner width=&#8221;5\/6&#8243; offset=&#8221;vc_col-lg-offset-3 vc_col-lg-6 vc_col-md-offset-2 vc_col-md-8 vc_col-sm-offset-1&#8243;][gt3_custom_text text_color=&#8221;#ffffff&#8221; font_size=&#8221;18&#8243; line_height=&#8221;166&#8243; responsive_font=&#8221;true&#8221; font_size_mobile=&#8221;14&#8243;]\n<h3 style=\"text-align: center;\"><span style=\"font-weight: 600;\" class=\"gt3_font-weight\">Naqshadaynta meelaha loogu talagalay dadka naafada ah waxay u baahan tahay tixgelin taxaddar leh si loo helo meel ujeedadu tahay in qof walba lagu daro<\/span><\/h3>\n[\/gt3_custom_text][\/vc_column_inner][\/vc_row_inner][gt3_spacing height=&#8221;60px&#8221;][gt3_button button_title=&#8221;Know More&#8221; button_alignment=&#8221;center&#8221; btn_border_radius=&#8221;30px&#8221; btn_icon_type=&#8221;font&#8221; btn_icon_fontawesome=&#8221;fa fa-angle-right&#8221; btn_icon_position=&#8221;right&#8221; link=&#8221;url:https%3A%2F%2Fmittspeciellabarn.se%2Flistings-with-map%2F|title:Listings%20with%20Map&#8221;][gt3_spacing height=&#8221;130px&#8221; responsive_es=&#8221;true&#8221; height_mobile=&#8221;80&#8243; height_size_sm_desctop=&#8221;100&#8243;][\/vc_column][\/vc_row][vc_row full_width=&#8221;stretch_row_content&#8221; content_placement=&#8221;middle&#8221; css=&#8221;.vc_custom_1689690531776{background-color: #ffffff !important;}&#8221;][vc_column][vc_column_text css=&#8221;.vc_custom_1689690025268{margin-bottom: 0px !important;}&#8221;]\n<h3 style=\"text-align: center;\">Daqiiqadoyada<\/h3>\n[\/vc_column_text][gt3_spacing height=&#8221;60px&#8221; responsive_es=&#8221;true&#8221; height_tablet=&#8221;40&#8243;][\/vc_column][\/vc_row][vc_row full_width=&#8221;stretch_row_content_no_spaces&#8221; css=&#8221;.vc_custom_1693023163384{background-color: #ffffff !important;}&#8221;][vc_column][vc_column_text][sp_wpcarousel id=&#8221;16418&#8243;][\/vc_column_text][\/vc_column][\/vc_row][vc_row full_width=&#8221;stretch_row_content&#8221;][vc_column][vc_custom_heading text=&#8221;Markhaati&#8221; font_container=&#8221;tag:h2|text_align:center&#8221; google_fonts=&#8221;font_family:Montserrat%3Aregular%2C700|font_style:400%20regular%3A400%3Anormal&#8221;][vc_empty_space][gt3_testimonials auto_play_time=&#8221;2000&#8243;][gt3_testimonial_item]\n<div class=\"wpb_text_column wpb_content_element \">\n<div class=\"wpb_wrapper\">\n<div class=\"xdj266r x11i5rnm xat24cr x1mh8g0r x1vvkbs\">\n<div dir=\"auto\">\n<p>&#8220;Tack sj\u00e4lv f\u00f6r ett trevligt och givande m\u00f6te!<\/p>\n<div dir=\"auto\">Lycka till med Mitt speciella barn<span class=\"x3nfvp2 x1j61x8r x1fcty0u xdj266r xhhsvwb xat24cr xgzva0m xxymvpz xlup9mm x1kky2od\">&#8220;<\/span><\/div>\n<\/div>\n<\/div>\n<\/div>\n<\/div>\n[\/gt3_testimonial_item][gt3_testimonial_item]\n<div class=\"wpb_text_column wpb_content_element \">\n<div class=\"wpb_wrapper\">\n<div class=\"xdj266r x11i5rnm xat24cr x1mh8g0r x1vvkbs\">\n<div dir=\"auto\">&#8220;<span>Tack\u00a0<\/span><span class=\"xt0psk2\"><span>Mohamed Askala<\/span><\/span><span class=\"xt0psk2\"><span>n<\/span><\/span><span class=\"xt0psk2\"><span>i<\/span><\/span><span> f\u00f6r all din hj\u00e4lp och att du sprider informationen om Code_X<\/span>&#8220;<\/div>\n<\/div>\n<\/div>\n<\/div>\n[\/gt3_testimonial_item][gt3_testimonial_item]\n<div class=\"wpb_text_column wpb_content_element \">\n<div class=\"wpb_wrapper\">\n<div class=\"xdj266r x11i5rnm xat24cr x1mh8g0r x1vvkbs\">\n<div dir=\"auto\">\u062a\u062d\u064a\u0629 \u0634\u0643\u0631 \u0644\u0643\u0645 \u0645\u0646 \u0627\u0644\u0642\u0644\u0628 \u0639\u0644\u0649 \u062c\u0645\u0627\u0644 \u0623\u0645\u0633\u064a\u0629 \u0627\u0644\u0628\u0627\u0631\u062d\u0629 ..<\/div>\n<\/div>\n<div class=\"x11i5rnm xat24cr x1mh8g0r x1vvkbs xtlvy1s\">\n<div dir=\"auto\">\u0623\u062f\u062e\u0644\u062a\u0645 \u0627\u0644\u0633\u0631\u0648\u0631 \u0644\u0642\u0644\u0648\u0628 \u0627\u0644\u0623\u0637\u0641\u0627\u0644 \u0648\u0623\u0647\u0644\u0647\u0645..<\/div>\n<\/div>\n<div class=\"x11i5rnm xat24cr x1mh8g0r x1vvkbs xtlvy1s\">\n<div dir=\"auto\"><a tabindex=\"-1\"><\/a>\u0644\u0641\u062a\u0646\u064a \u0623\u0646 \u0627\u0644\u0642\u0627\u0639\u0629 \u0643\u0627\u0646\u062a \u0645\u0646\u0638\u0645\u0629 \u0628\u0643\u0644 \u0645\u0627 \u064a\u062e\u0635 \u0627\u0644\u0623\u0646\u0634\u0637\u0629 \u0627\u0644\u062d\u0631\u0643\u064a\u0629 \u0644\u0623\u0635\u062d\u0627\u0628 \u0627\u0644\u0647\u0645\u0645 \u0628\u062c\u0627\u0646\u0628 \u0623\u062f\u0648\u0627\u062a \u0644\u0644\u0631\u0633\u0645 \u0648\u0627\u0644\u0644\u0639\u0628 \u0648\u0627\u0644\u0645\u0633\u0627\u0628\u0642\u0627\u062a \u0627\u0644\u0634\u064a\u0642\u0629 ..<\/div>\n<\/div>\n<div class=\"x11i5rnm xat24cr x1mh8g0r x1vvkbs xtlvy1s\">\n<div dir=\"auto\">\u0628\u0627\u0631\u0643 \u0627\u0644\u0644\u0647 \u0641\u064a \u062c\u0645\u064a\u0639 \u0627\u0644\u0642\u0627\u0626\u0645\u064a\u0646 \u0639\u0644\u0649 \u0627\u0644\u0639\u0645\u0644 \u0645\u0646 \u0635\u0627\u062d\u0628 \u0627\u0644\u062d\u062f\u062b \u0627\u0644\u0623\u062e \u0645\u062d\u0645\u062f \u0625\u0644\u0649 \u0627\u0644\u0645\u0646\u0638\u0645\u064a\u0646 \u0644\u0644\u062d\u0641\u0644 \u0627\u0644\u0630\u064a\u0646 \u0642\u0627\u0645\u0648\u0627 \u0628\u062c\u0647\u062f \u064a\u0634\u0643\u0631\u0648\u0646 \u0639\u0644\u064a\u0647 \u0645\u0646 \u0634\u0628\u0627\u0628 \u0648\u0641\u062a\u064a\u0627\u062a .. \u062c\u0639\u0644 \u0627\u0644\u0644\u0647 \u0630\u0644\u0643 \u0634\u0627\u0641\u0639\u0627 \u0644\u0643\u0645 \u0644\u0627 \u0639\u0644\u064a\u0643\u0645<\/div>\n<div dir=\"auto\">\u064a\u0648\u0645 \u0644\u0627 \u064a\u0646\u0641\u0639 \u0645\u0627\u0644 \u0648\u0644\u0627 \u0628\u0646\u0648\u0646<\/div>\n<\/div>\n<\/div>\n<\/div>\n<div class=\"gt3_spacing\"><\/div>\n[\/gt3_testimonial_item][\/gt3_testimonials][\/vc_column][\/vc_row][vc_row full_width=&#8221;stretch_row&#8221; disable_element=&#8221;yes&#8221; css=&#8221;.vc_custom_1690944266047{background-color: #ffffff !important;}&#8221;][vc_column][gt3_spacing height=&#8221;60px&#8221; responsive_es=&#8221;true&#8221; height_tablet=&#8221;40&#8243;][vc_column_text css=&#8221;.vc_custom_1508420348123{margin-bottom: 0px !important;}&#8221;]\n<h3 style=\"text-align: center;\">Talooyin &amp; Maqaallo<\/h3>\n[\/vc_column_text][gt3_spacing height=&#8221;5px&#8221;][gt3_custom_text text_color=&#8221;&#8221; font_size=&#8221;18&#8243;]\n<p style=\"text-align: center;\">Browse the latest articles and tips from our blog<\/p>\n[\/gt3_custom_text][gt3_spacing height=&#8221;75px&#8221;][gt3_featured_posts view_type=&#8221;type3&#8243; meta_author=&#8221;yes&#8221; meta_categories=&#8221;yes&#8221; image_proportions=&#8221;vertical&#8221; items_per_line=&#8221;3&#8243; content_letter_count=&#8221;0&#8243; build_query=&#8221;size:3|order_by:date|order:DESC|by_id:11540,6,11658&#8243;][gt3_spacing height=&#8221;20px&#8221;][gt3_button button_title=&#8221;SEE ALL&#8221; button_alignment=&#8221;center&#8221; btn_border_radius=&#8221;30px&#8221; btn_icon_type=&#8221;font&#8221; btn_icon_fontawesome=&#8221;fa fa-angle-right&#8221; btn_icon_position=&#8221;right&#8221; link=&#8221;url:https%3A%2F%2Flivewp.site%2Fwp%2Fmd%2Flistingeasy%2Fblog-with-right-sidebar%2F|||&#8221;][gt3_spacing height=&#8221;80px&#8221; responsive_es=&#8221;true&#8221; height_tablet=&#8221;60&#8243;][\/vc_column][\/vc_row][vc_row full_width=&#8221;stretch_row_content_no_spaces&#8221; css=&#8221;.vc_custom_1690944814130{padding-left: -200px !important;background-color: #ffffff !important;}&#8221;][vc_column][vc_column_text css=&#8221;.vc_custom_1690944717820{margin-bottom: 0px !important;}&#8221;]\n<h2 style=\"text-align: center;\"><span style=\"font-weight: 900;\" class=\"gt3_font-weight\">Wada-hawlgalayaashayada<\/span><\/h2>\n[\/vc_column_text][\/vc_column][\/vc_row][vc_row full_width=&#8221;stretch_row_content_no_spaces&#8221; css=&#8221;.vc_custom_1693023570558{background-color: #ffffff !important;}&#8221;][vc_column][vc_column_text][sp_wpcarousel id=&#8221;16419&#8243;][\/vc_column_text][\/vc_column][\/vc_row][vc_row full_width=&#8221;stretch_row&#8221; css=&#8221;.vc_custom_1689692895192{margin-bottom: -40px !important;background-color: #efefef !important;background-position: 0 0 !important;background-repeat: repeat !important;}&#8221;][vc_column offset=&#8221;vc_col-md-offset-1 vc_col-md-10&#8243; css=&#8221;.vc_custom_1508505536567{padding-top: 0px !important;}&#8221;][vc_row_inner content_placement=&#8221;middle&#8221;][vc_column_inner width=&#8221;2\/3&#8243;][vc_column_text css=&#8221;.vc_custom_1690945147381{margin-bottom: 0px !important;}&#8221;]\n<h3><span style=\"font-weight: 400;\">Isdiiwaangeli wixii ku soo kordha<\/span><\/h3>\n[\/vc_column_text][gt3_spacing height=&#8221;5px&#8221;][gt3_custom_text text_color=&#8221;&#8221; font_size=&#8221;18&#8243;]<span style=\"font-weight: 400;\">Sending our latest website updates via email<\/span>[\/gt3_custom_text][\/vc_column_inner][vc_column_inner width=&#8221;1\/3&#8243; offset=&#8221;vc_hidden-xs&#8221;][gt3_spacing height=&#8221;12px&#8221;][gt3_button button_title=&#8221;SIGN UP&#8221; button_alignment=&#8221;right&#8221; btn_border_radius=&#8221;30px&#8221; btn_icon_type=&#8221;font&#8221; btn_icon_fontawesome=&#8221;fa fa-angle-right&#8221; btn_icon_position=&#8221;right&#8221; css=&#8221;.vc_custom_1508505569697{margin-bottom: 0px !important;}&#8221; item_el_class=&#8221;lwa&#8221;][gt3_spacing height=&#8221;12px&#8221;][\/vc_column_inner][\/vc_row_inner][gt3_spacing height=&#8221;60px&#8221; responsive_es=&#8221;true&#8221; height_tablet=&#8221;40&#8243;][\/vc_column][\/vc_row]\n<\/div>","protected":false},"excerpt":{"rendered":"<p>[vc_row full_width=&#8221;stretch_row&#8221; column_bubbles=&#8221;yes&#8221; css=&#8221;.vc_custom_1690937337130{margin-top: -40px !important;background-position: center !important;background-repeat: no-repeat !important;background-size: cover !important;}&#8221;][vc_column][smartslider3][\/vc_column][\/vc_row][vc_row full_width=&#8221;stretch_row&#8221; column_bubbles=&#8221;yes&#8221; css=&#8221;.vc_custom_1690937759167{margin-top: -135px !important;background-position: center !important;background-repeat: no-repeat !important;background-size: cover !important;}&#8221;][vc_column][smartslider3 slider=&#8221;2&#8243;][\/vc_column][vc_column][vc_row_inner][vc_column_inner width=&#8221;1\/6&#8243;][\/vc_column_inner][vc_column_inner width=&#8221;2\/3&#8243;][vc_raw_html]PGlmcmFtZSB3aWR0aD0iNTYwIiBoZWlnaHQ9IjMxNSIgc3JjPSJodHRwczovL3d3dy55b3V0dWJlLmNvbS9lbWJlZC9lZENsaTlUd2Y4WSIgdGl0bGU9IkNpeWFhcnRveWdhIGZpaWRpeW93Z2EgWW91VHViZSIgZnJhbWVib3JkZXI9IjAiIGFsbG93PSJhY2NlbGVyb21ldGVyOyBhdXRvcGxheTsgY2xpcGJvYXJkLXdyaXRlOyBlbmNyeXB0ZWQtbWVkaWE7IGd5cm9zY29wZTsgcGljdHVyZS1pbi1waWN0dXJlOyB3ZWItc2hhcmUiIGFsbG93ZnVsbHNjcmVlbj0iIj48L2lmcmFtZT4=[\/vc_raw_html][\/vc_column_inner][vc_column_inner width=&#8221;1\/6&#8243;][\/vc_column_inner][\/vc_row_inner][\/vc_column][\/vc_row][vc_row full_width=&#8221;stretch_row&#8221; css=&#8221;.vc_custom_1508335292319{background-color: #ffffff !important;}&#8221;][vc_column width=&#8221;2\/3&#8243; css=&#8221;.vc_custom_1508502007650{padding-top: 0px !important;}&#8221;][vc_empty_space height=&#8221;100px&#8221;][vc_custom_heading text=&#8221;Lasoco wax cusub&#8221;][vc_empty_space][vc_column_text]Nagala soco baraha bulshada oo baro dhammaan wixii ku soo kordha marka hore[\/vc_column_text][vc_row_inner][vc_column_inner width=&#8221;1\/4&#8243;][\/vc_column_inner][vc_column_inner width=&#8221;3\/4&#8243;][vc_single_image image=&#8221;18671&#8243;][\/vc_column_inner][\/vc_row_inner][\/vc_column][vc_column width=&#8221;1\/3&#8243;][vc_column_text][FBW][\/vc_column_text][\/vc_column][\/vc_row][vc_row [&hellip;]<\/p>\n","protected":false},"author":4,"featured_media":0,"parent":0,"menu_order":0,"comment_status":"closed","ping_status":"closed","template":"","meta":{"_mi_skip_tracking":false,"_monsterinsights_sitenote_active":false,"_monsterinsights_sitenote_note":"","_monsterinsights_sitenote_category":0},"_links":{"self":[{"href":"https:\/\/mittspeciellabarn.se\/so\/wp-json\/wp\/v2\/pages\/18667"}],"collection":[{"href":"https:\/\/mittspeciellabarn.se\/so\/wp-json\/wp\/v2\/pages"}],"about":[{"href":"https:\/\/mittspeciellabarn.se\/so\/wp-json\/wp\/v2\/types\/page"}],"author":[{"embeddable":true,"href":"https:\/\/mittspeciellabarn.se\/so\/wp-json\/wp\/v2\/users\/4"}],"replies":[{"embeddable":true,"href":"https:\/\/mittspeciellabarn.se\/so\/wp-json\/wp\/v2\/comments?post=18667"}],"version-history":[{"count":2,"href":"https:\/\/mittspeciellabarn.se\/so\/wp-json\/wp\/v2\/pages\/18667\/revisions"}],"predecessor-version":[{"id":18713,"href":"https:\/\/mittspeciellabarn.se\/so\/wp-json\/wp\/v2\/pages\/18667\/revisions\/18713"}],"wp:attachment":[{"href":"https:\/\/mittspeciellabarn.se\/so\/wp-json\/wp\/v2\/media?parent=18667"}],"curies":[{"name":"wp","href":"https:\/\/api.w.org\/{rel}","templated":true}]}}