{"id":18146,"date":"2023-05-19T14:29:09","date_gmt":"2023-05-19T14:29:09","guid":{"rendered":"https:\/\/mittspeciellabarn.se\/taageerada-bulshada\/"},"modified":"2025-12-18T05:06:39","modified_gmt":"2025-12-18T05:06:39","slug":"taageerada-bulshada","status":"publish","type":"page","link":"https:\/\/mittspeciellabarn.se\/so\/taageerada-bulshada\/","title":{"rendered":"Taageerada bulshada"},"content":{"rendered":"<div class=\"wpb-content-wrapper\">[vc_row][vc_column][vc_column_text]\n<div class=\"search-form\">\n<form role=\"search\" action=\"\" method=\"get\"><input name=\"search_keywords\" type=\"text\" placeholder=\"maxaad raadinaysaa ?\"><br \/><input class=\"submit-button\" type=\"submit\" value=\"Raadi\"><\/form>\n<\/div>\n[\/vc_column_text][vc_empty_space][gt3_listing_grid items_per_line=&#8221;4&#8243; per_page=&#8221;12&#8243; show_filters=&#8221;&#8221; pagination_type=&#8221;load_more&#8221; categories=&#8221;csupport&#8221;][\/vc_column][\/vc_row][vc_row][vc_column][vc_message]<b><i>Ogaysiis ku saabsan Xog ururinta:<\/i><\/b> <i><span style=\"font-weight: 400;\">Dhammaan xogta aan ururinno waxa laga soo min guuriyay shakhsiyaad, anagoo siinaya khibrado iyo aragtiyo hore u soo maray. Waxaan aad ugu dhiirigelinaynaa qof walba inuu tixraaco shabakadaha ururada shakhsi ahaaneed si loo helo macluumaad faahfaahsan oo ku saabsan adeegyadooda. <\/span><\/i>[\/vc_message][vc_column_text]\n<h2>F\u00f6rm\u00e5ner och frikort f\u00f6r dig med funktionsneds\u00e4ttning<\/h2>\n[\/vc_column_text][vc_column_text]<a href=\"https:\/\/www.skanetrafiken.se\/serviceresor\/fardtjanst\/#navItem2\">F\u00e4rdtj\u00e4nstkort och Riksf\u00e4rdtj\u00e4nst i Sk\u00e5ne<\/a>[\/vc_column_text][vc_column_text]<a href=\"https:\/\/helsingborg.se\/trafik-och-stadsplanering\/parkering\/soka-parkeringstillstand\/rorelsehindrade-2\/\">Parkeringstillst\u00e5nd f\u00f6r r\u00f6relsehindrad<\/a>[\/vc_column_text][vc_column_text]<a href=\"https:\/\/helsingborg.se\/omsorg-och-stod\/funktionsnedsattning\/aktiviteter-och-fritid\/kamratkortet\/\">Kamratkortet<\/a>[\/vc_column_text][\/vc_column][\/vc_row][vc_section][vc_row][vc_column][vc_row_inner][vc_column_inner][vc_column_text]\n<h2>F\u00f6rm\u00e5ner och frikort f\u00f6r dig med funktionsneds\u00e4ttning<\/h2>\n[\/vc_column_text][vc_column_text]<strong>1. R\u00e5dgivare och st\u00f6d i Helsingborg<\/strong>[\/vc_column_text][vc_column_text]<a href=\"https:\/\/helsingborg.se\/omsorg-och-stod\/behover-du-hjalp-eller-rad\/\">https:\/\/helsingborg.se\/omsorg-och-stod\/behover-du-hjalp-eller-rad\/<\/a>[\/vc_column_text][vc_column_text]<b>2- St\u00f6d i skolan och kring utbildning \u2013 SPSM<\/b>[\/vc_column_text][vc_column_text]<a href=\"https:\/\/www.spsm.se\/om-oss\/uppdrag\/\">https:\/\/www.spsm.se\/om-oss\/uppdrag\/<\/a>[\/vc_column_text][vc_column_text]<b>3- . V\u00e5rden och utredning\/diagnosis<\/b>[\/vc_column_text][vc_column_text]<a href=\"https:\/\/helsingborg.se\/forskola-och-utbildning\/elevhalsa\/\">https:\/\/helsingborg.se\/forskola-och-utbildning\/elevhalsa\/<\/a>[\/vc_column_text][vc_column_text]<a href=\"https:\/\/vard.skane.se\/psykiatri-skane\/for-barn-och-unga\/kontakta-oss\/en-vag-in-telefonradgivning\/\">https:\/\/vard.skane.se\/psykiatri-skane\/for-barn-och-unga\/kontakta-oss\/en-vag-in-telefonradgivning\/<\/a>[\/vc_column_text][vc_column_text]<a href=\"https:\/\/vard.skane.se\/psykiatri-skane\/mottagningar-och-avdelningar\/barn--och-ungdomspsykiatrimottagning-helsingborg\/1177.se\">https:\/\/vard.skane.se\/psykiatri-skane\/mottagningar-och-avdelningar\/barn&#8211;och-ungdomspsykiatrimottagning-helsingborg\/1177.se<\/a>[\/vc_column_text][vc_column_text]<a href=\"https:\/\/helsingborg.se\/omsorg-och-stod\/funktionsnedsattning\/stod-enligt-lss\/\">https:\/\/helsingborg.se\/omsorg-och-stod\/funktionsnedsattning\/stod-enligt-lss\/<\/a>[\/vc_column_text][\/vc_column_inner][\/vc_row_inner][\/vc_column][\/vc_row][\/vc_section]\n<\/div>","protected":false},"excerpt":{"rendered":"<p>[vc_row][vc_column][vc_column_text] [\/vc_column_text][vc_empty_space][gt3_listing_grid items_per_line=&#8221;4&#8243; per_page=&#8221;12&#8243; show_filters=&#8221;&#8221; pagination_type=&#8221;load_more&#8221; categories=&#8221;csupport&#8221;][\/vc_column][\/vc_row][vc_row][vc_column][vc_message]Ogaysiis ku saabsan Xog ururinta: Dhammaan xogta aan ururinno waxa laga soo min guuriyay shakhsiyaad, anagoo siinaya khibrado iyo aragtiyo hore u soo maray. Waxaan aad ugu dhiirigelinaynaa qof walba inuu tixraaco shabakadaha ururada shakhsi ahaaneed si loo helo macluumaad faahfaahsan oo ku saabsan adeegyadooda. [\/vc_message][vc_column_text] F\u00f6rm\u00e5ner och frikort [&hellip;]<\/p>\n","protected":false},"author":1,"featured_media":0,"parent":0,"menu_order":0,"comment_status":"closed","ping_status":"closed","template":"","meta":{"_mi_skip_tracking":false,"_monsterinsights_sitenote_active":false,"_monsterinsights_sitenote_note":"","_monsterinsights_sitenote_category":0},"_links":{"self":[{"href":"https:\/\/mittspeciellabarn.se\/so\/wp-json\/wp\/v2\/pages\/18146"}],"collection":[{"href":"https:\/\/mittspeciellabarn.se\/so\/wp-json\/wp\/v2\/pages"}],"about":[{"href":"https:\/\/mittspeciellabarn.se\/so\/wp-json\/wp\/v2\/types\/page"}],"author":[{"embeddable":true,"href":"https:\/\/mittspeciellabarn.se\/so\/wp-json\/wp\/v2\/users\/1"}],"replies":[{"embeddable":true,"href":"https:\/\/mittspeciellabarn.se\/so\/wp-json\/wp\/v2\/comments?post=18146"}],"version-history":[{"count":4,"href":"https:\/\/mittspeciellabarn.se\/so\/wp-json\/wp\/v2\/pages\/18146\/revisions"}],"predecessor-version":[{"id":19662,"href":"https:\/\/mittspeciellabarn.se\/so\/wp-json\/wp\/v2\/pages\/18146\/revisions\/19662"}],"wp:attachment":[{"href":"https:\/\/mittspeciellabarn.se\/so\/wp-json\/wp\/v2\/media?parent=18146"}],"curies":[{"name":"wp","href":"https:\/\/api.w.org\/{rel}","templated":true}]}}