{"id":18157,"date":"2023-05-19T14:29:09","date_gmt":"2023-05-19T14:29:09","guid":{"rendered":"https:\/\/mittspeciellabarn.se\/%d9%be%d8%b4%d8%aa%db%8c%d8%a8%d8%a7%d9%86%db%8c-%d8%ac%d8%a7%d9%85%d8%b9%d9%87\/"},"modified":"2025-12-18T05:08:49","modified_gmt":"2025-12-18T05:08:49","slug":"%d9%be%d8%b4%d8%aa%db%8c%d8%a8%d8%a7%d9%86%db%8c-%d8%ac%d8%a7%d9%85%d8%b9%d9%87","status":"publish","type":"page","link":"https:\/\/mittspeciellabarn.se\/fa\/%d9%be%d8%b4%d8%aa%db%8c%d8%a8%d8%a7%d9%86%db%8c-%d8%ac%d8%a7%d9%85%d8%b9%d9%87\/","title":{"rendered":"\u067e\u0634\u062a\u06cc\u0628\u0627\u0646\u06cc \u062c\u0627\u0645\u0639\u0647"},"content":{"rendered":"<div class=\"wpb-content-wrapper\">[vc_row][vc_column][vc_column_text]\n<div class=\"search-form\">\n<form role=\"search\" action=\"\" method=\"get\"><input name=\"search_keywords\" type=\"text\" placeholder=\"\u062f\u0646\u0628\u0627\u0644 \u0686\u06cc \u0645\u06cc\u06af\u0631\u062f\u06cc\u061f (or: \u062f\u0646\u0628\u0627\u0644 \u0686\u06cc \u0645\u06cc\u06af\u0631\u062f\u06cc\u061f)\"><br \/><input class=\"submit-button\" type=\"submit\" value=\"\u062c\u0633\u062a\u062c\u0648\"><\/form>\n<\/div>\n[\/vc_column_text][vc_empty_space][gt3_listing_grid items_per_line=&#8221;4&#8243; per_page=&#8221;12&#8243; show_filters=&#8221;&#8221; pagination_type=&#8221;load_more&#8221; categories=&#8221;csupport&#8221;][\/vc_column][\/vc_row][vc_row][vc_column][vc_message]<b><i>\u0646\u06a9\u062a\u0647 \u062f\u0631 \u0645\u0648\u0631\u062f \u062c\u0645\u0639\u200c\u0622\u0648\u0631\u06cc \u062f\u0627\u062f\u0647\u200c\u0647\u0627:<\/i><\/b> <i><span style=\"font-weight: 400;\">\u062a\u0645\u0627\u0645 \u062f\u0627\u062f\u0647\u200c\u0647\u0627\u06cc\u06cc \u06a9\u0647 \u0645\u0627 \u062c\u0645\u0639\u200c\u0622\u0648\u0631\u06cc \u0645\u06cc\u200c\u06a9\u0646\u06cc\u0645 \u0627\u0632 \u0627\u0641\u0631\u0627\u062f \u06af\u0631\u0641\u062a\u0647 \u0634\u062f\u0647 \u0648 \u062a\u062c\u0631\u0628\u06cc\u0627\u062a \u0648 \u0628\u06cc\u0646\u0634\u200c\u0647\u0627\u06cc \u062f\u0633\u062a \u0627\u0648\u0644 \u0631\u0627 \u0627\u0631\u0627\u0626\u0647 \u0645\u06cc\u200c\u062f\u0647\u062f. \u0645\u0627 \u0627\u06a9\u06cc\u062f\u0627\u064b \u0647\u0645\u0647 \u0631\u0627 \u062a\u0634\u0648\u06cc\u0642 \u0645\u06cc\u200c\u06a9\u0646\u06cc\u0645 \u06a9\u0647 \u0628\u0631\u0627\u06cc \u0627\u0637\u0644\u0627\u0639\u0627\u062a \u062f\u0642\u06cc\u0642\u200c\u062a\u0631 \u062f\u0631 \u0645\u0648\u0631\u062f \u062e\u062f\u0645\u0627\u062a \u0647\u0631 \u0627\u0646\u062c\u0645\u0646\u060c \u0628\u0647 \u0648\u0628\u200c\u0633\u0627\u06cc\u062a\u200c\u0647\u0627\u06cc \u0622\u0646\u0647\u0627 \u0645\u0631\u0627\u062c\u0639\u0647 \u06a9\u0646\u0646\u062f. <\/span><\/i>[\/vc_message][vc_column_text]\n<h2>F\u00f6rm\u00e5ner och frikort f\u00f6r dig med funktionsneds\u00e4ttning<\/h2>\n[\/vc_column_text][vc_column_text]<a href=\"https:\/\/www.skanetrafiken.se\/serviceresor\/fardtjanst\/#navItem2\">F\u00e4rdtj\u00e4nstkort och Riksf\u00e4rdtj\u00e4nst i Sk\u00e5ne<\/a>[\/vc_column_text][vc_column_text]<a href=\"https:\/\/helsingborg.se\/trafik-och-stadsplanering\/parkering\/soka-parkeringstillstand\/rorelsehindrade-2\/\">Parkeringstillst\u00e5nd f\u00f6r r\u00f6relsehindrad<\/a>[\/vc_column_text][vc_column_text]<a href=\"https:\/\/helsingborg.se\/omsorg-och-stod\/funktionsnedsattning\/aktiviteter-och-fritid\/kamratkortet\/\">Kamratkortet<\/a>[\/vc_column_text][\/vc_column][\/vc_row][vc_section][vc_row][vc_column][vc_row_inner][vc_column_inner][vc_column_text]\n<h2>F\u00f6rm\u00e5ner och frikort f\u00f6r dig med funktionsneds\u00e4ttning<\/h2>\n[\/vc_column_text][vc_column_text]<strong>1. R\u00e5dgivare och st\u00f6d i Helsingborg<\/strong>[\/vc_column_text][vc_column_text]<a href=\"https:\/\/helsingborg.se\/omsorg-och-stod\/behover-du-hjalp-eller-rad\/\">https:\/\/helsingborg.se\/omsorg-och-stod\/behover-du-hjalp-eller-rad\/<\/a>[\/vc_column_text][vc_column_text]<b>2- St\u00f6d i skolan och kring utbildning \u2013 SPSM<\/b>[\/vc_column_text][vc_column_text]<a href=\"https:\/\/www.spsm.se\/om-oss\/uppdrag\/\">https:\/\/www.spsm.se\/om-oss\/uppdrag\/<\/a>[\/vc_column_text][vc_column_text]<b>3- . V\u00e5rden och utredning\/diagnos<\/b>[\/vc_column_text][vc_column_text]<a href=\"https:\/\/helsingborg.se\/forskola-och-utbildning\/elevhalsa\/\">https:\/\/helsingborg.se\/forskola-och-utbildning\/elevhalsa\/<\/a>[\/vc_column_text][vc_column_text]<a href=\"https:\/\/vard.skane.se\/psykiatri-skane\/for-barn-och-unga\/kontakta-oss\/en-vag-in-telefonradgivning\/\">https:\/\/vard.skane.se\/psykiatri-skane\/for-barn-och-unga\/kontakta-oss\/en-vag-in-telefonradgivning\/<\/a>[\/vc_column_text][vc_column_text]<a href=\"https:\/\/vard.skane.se\/psykiatri-skane\/mottagningar-och-avdelningar\/barn--och-ungdomspsykiatrimottagning-helsingborg\/1177.se\">https:\/\/vard.skane.se\/psykiatri-skane\/mottagningar-och-avdelningar\/barn&#8211;och-ungdomspsykiatrimottagning-helsingborg\/1177.se<\/a>[\/vc_column_text][vc_column_text]<a href=\"https:\/\/helsingborg.se\/omsorg-och-stod\/funktionsnedsattning\/stod-enligt-lss\/\">https:\/\/helsingborg.se\/omsorg-och-stod\/funktionsnedsattning\/stod-enligt-lss\/<\/a>[\/vc_column_text][\/vc_column_inner][\/vc_row_inner][\/vc_column][\/vc_row][\/vc_section]\n<\/div>","protected":false},"excerpt":{"rendered":"<p>[vc_row][vc_column][vc_column_text] [\/vc_column_text][vc_empty_space][gt3_listing_grid items_per_line=&#8221;4&#8243; per_page=&#8221;12&#8243; show_filters=&#8221;&#8221; pagination_type=&#8221;load_more&#8221; categories=&#8221;csupport&#8221;][\/vc_column][\/vc_row][vc_row][vc_column][vc_message]\u0646\u06a9\u062a\u0647 \u062f\u0631 \u0645\u0648\u0631\u062f \u062c\u0645\u0639\u200c\u0622\u0648\u0631\u06cc \u062f\u0627\u062f\u0647\u200c\u0647\u0627: \u062a\u0645\u0627\u0645 \u062f\u0627\u062f\u0647\u200c\u0647\u0627\u06cc\u06cc \u06a9\u0647 \u0645\u0627 \u062c\u0645\u0639\u200c\u0622\u0648\u0631\u06cc \u0645\u06cc\u200c\u06a9\u0646\u06cc\u0645 \u0627\u0632 \u0627\u0641\u0631\u0627\u062f \u06af\u0631\u0641\u062a\u0647 \u0634\u062f\u0647 \u0648 \u062a\u062c\u0631\u0628\u06cc\u0627\u062a \u0648 \u0628\u06cc\u0646\u0634\u200c\u0647\u0627\u06cc \u062f\u0633\u062a \u0627\u0648\u0644 \u0631\u0627 \u0627\u0631\u0627\u0626\u0647 \u0645\u06cc\u200c\u062f\u0647\u062f. \u0645\u0627 \u0627\u06a9\u06cc\u062f\u0627\u064b \u0647\u0645\u0647 \u0631\u0627 \u062a\u0634\u0648\u06cc\u0642 \u0645\u06cc\u200c\u06a9\u0646\u06cc\u0645 \u06a9\u0647 \u0628\u0631\u0627\u06cc \u0627\u0637\u0644\u0627\u0639\u0627\u062a \u062f\u0642\u06cc\u0642\u200c\u062a\u0631 \u062f\u0631 \u0645\u0648\u0631\u062f \u062e\u062f\u0645\u0627\u062a \u0647\u0631 \u0627\u0646\u062c\u0645\u0646\u060c \u0628\u0647 \u0648\u0628\u200c\u0633\u0627\u06cc\u062a\u200c\u0647\u0627\u06cc \u0622\u0646\u0647\u0627 \u0645\u0631\u0627\u062c\u0639\u0647 \u06a9\u0646\u0646\u062f. [\/vc_message][vc_column_text] F\u00f6rm\u00e5ner och frikort f\u00f6r [&hellip;]<\/p>\n","protected":false},"author":1,"featured_media":0,"parent":0,"menu_order":0,"comment_status":"closed","ping_status":"closed","template":"","meta":{"_mi_skip_tracking":false,"_monsterinsights_sitenote_active":false,"_monsterinsights_sitenote_note":"","_monsterinsights_sitenote_category":0},"_links":{"self":[{"href":"https:\/\/mittspeciellabarn.se\/fa\/wp-json\/wp\/v2\/pages\/18157"}],"collection":[{"href":"https:\/\/mittspeciellabarn.se\/fa\/wp-json\/wp\/v2\/pages"}],"about":[{"href":"https:\/\/mittspeciellabarn.se\/fa\/wp-json\/wp\/v2\/types\/page"}],"author":[{"embeddable":true,"href":"https:\/\/mittspeciellabarn.se\/fa\/wp-json\/wp\/v2\/users\/1"}],"replies":[{"embeddable":true,"href":"https:\/\/mittspeciellabarn.se\/fa\/wp-json\/wp\/v2\/comments?post=18157"}],"version-history":[{"count":3,"href":"https:\/\/mittspeciellabarn.se\/fa\/wp-json\/wp\/v2\/pages\/18157\/revisions"}],"predecessor-version":[{"id":19664,"href":"https:\/\/mittspeciellabarn.se\/fa\/wp-json\/wp\/v2\/pages\/18157\/revisions\/19664"}],"wp:attachment":[{"href":"https:\/\/mittspeciellabarn.se\/fa\/wp-json\/wp\/v2\/media?parent=18157"}],"curies":[{"name":"wp","href":"https:\/\/api.w.org\/{rel}","templated":true}]}}