{"id":17707,"date":"2023-11-18T22:48:46","date_gmt":"2023-11-18T22:48:46","guid":{"rendered":"https:\/\/mittspeciellabarn.se\/%d9%83%d9%86-%d8%b9%d8%b6%d9%88%d8%a7%d9%8b-%d9%81%d9%8a-%d9%86%d8%b3%d8%ae%d8%a9-%d8%a5%d9%86-%d8%b3%d9%88%d9%8a%d8%af\/"},"modified":"2025-09-04T13:08:08","modified_gmt":"2025-09-04T13:08:08","slug":"%d9%83%d9%86-%d8%b9%d8%b6%d9%88%d8%a7%d9%8b-%d9%81%d9%8a-%d9%86%d8%b3%d8%ae%d8%a9-%d8%a5%d9%86-%d8%b3%d9%88%d9%8a%d8%af","status":"publish","type":"page","link":"https:\/\/mittspeciellabarn.se\/ar\/%d9%83%d9%86-%d8%b9%d8%b6%d9%88%d8%a7%d9%8b-%d9%81%d9%8a-%d9%86%d8%b3%d8%ae%d8%a9-%d8%a5%d9%86-%d8%b3%d9%88%d9%8a%d8%af\/","title":{"rendered":"\u0643\u0646 \u0639\u0636\u0648\u0627\u064b \u0641\u064a \u0646\u0633\u062e\u0629 \u0625\u0646 \u0633\u0648\u064a\u062f"},"content":{"rendered":"\t\t<div data-elementor-type=\"wp-page\" data-elementor-id=\"17707\" class=\"elementor elementor-17707 elementor-16578\" data-elementor-post-type=\"page\">\n\t\t\t\t\t\t\t\t\t<section class=\"elementor-section elementor-top-section elementor-element elementor-element-df9f161 elementor-section-boxed elementor-section-height-default elementor-section-height-default\" data-id=\"df9f161\" data-element_type=\"section\">\n\t\t\t\t\t\t<div class=\"elementor-container elementor-column-gap-default\">\n\t\t\t\t\t<div class=\"elementor-column elementor-col-50 elementor-top-column elementor-element elementor-element-ef9f043\" data-id=\"ef9f043\" data-element_type=\"column\">\n\t\t\t<div class=\"elementor-widget-wrap elementor-element-populated\">\n\t\t\t\t\t\t\t\t<div class=\"elementor-element elementor-element-1984242 elementor-widget elementor-widget-image\" data-id=\"1984242\" data-element_type=\"widget\" data-widget_type=\"image.default\">\n\t\t\t\t<div class=\"elementor-widget-container\">\n\t\t\t<style>\/*! elementor - v3.17.0 - 25-10-2023 *\/\n.elementor-widget-image{text-align:center}.elementor-widget-image a{display:inline-block}.elementor-widget-image a img[src$=\".svg\"]{width:48px}.elementor-widget-image img{vertical-align:middle;display:inline-block}<\/style>\t\t\t\t\t\t\t\t\t\t\t\t<img decoding=\"async\" width=\"940\" height=\"626\" src=\"https:\/\/mittspeciellabarn.se\/wp-content\/uploads\/2023\/08\/ed032929-1617-4a44-aefb-cd37ec3bab82-1024x682.jpeg\" class=\"attachment-large size-large wp-image-15901\" alt=\"\" loading=\"lazy\" srcset=\"https:\/\/mittspeciellabarn.se\/wp-content\/uploads\/2023\/08\/ed032929-1617-4a44-aefb-cd37ec3bab82-1024x682.jpeg 1024w, https:\/\/mittspeciellabarn.se\/wp-content\/uploads\/2023\/08\/ed032929-1617-4a44-aefb-cd37ec3bab82-600x400.jpeg 600w, https:\/\/mittspeciellabarn.se\/wp-content\/uploads\/2023\/08\/ed032929-1617-4a44-aefb-cd37ec3bab82-300x200.jpeg 300w, https:\/\/mittspeciellabarn.se\/wp-content\/uploads\/2023\/08\/ed032929-1617-4a44-aefb-cd37ec3bab82-768x512.jpeg 768w, https:\/\/mittspeciellabarn.se\/wp-content\/uploads\/2023\/08\/ed032929-1617-4a44-aefb-cd37ec3bab82-1536x1023.jpeg 1536w, https:\/\/mittspeciellabarn.se\/wp-content\/uploads\/2023\/08\/ed032929-1617-4a44-aefb-cd37ec3bab82-450x300.jpeg 450w, https:\/\/mittspeciellabarn.se\/wp-content\/uploads\/2023\/08\/ed032929-1617-4a44-aefb-cd37ec3bab82-1201x800.jpeg 1201w, https:\/\/mittspeciellabarn.se\/wp-content\/uploads\/2023\/08\/ed032929-1617-4a44-aefb-cd37ec3bab82.jpeg 1600w\" sizes=\"(max-width: 940px) 100vw, 940px\" \/>\t\t\t\t\t\t\t\t\t\t\t\t\t\t\t<\/div>\n\t\t\t\t<\/div>\n\t\t\t\t<div class=\"elementor-element elementor-element-a52bcb0 elementor-widget elementor-widget-heading\" data-id=\"a52bcb0\" data-element_type=\"widget\" data-widget_type=\"heading.default\">\n\t\t\t\t<div class=\"elementor-widget-container\">\n\t\t\t<style>\/*! elementor - v3.17.0 - 25-10-2023 *\/\n.elementor-heading-title{padding:0;margin:0;line-height:1}.elementor-widget-heading .elementor-heading-title[class*=elementor-size-]>a{color:inherit;font-size:inherit;line-height:inherit}.elementor-widget-heading .elementor-heading-title.elementor-size-small{font-size:15px}.elementor-widget-heading .elementor-heading-title.elementor-size-medium{font-size:19px}.elementor-widget-heading .elementor-heading-title.elementor-size-large{font-size:29px}.elementor-widget-heading .elementor-heading-title.elementor-size-xl{font-size:39px}.elementor-widget-heading .elementor-heading-title.elementor-size-xxl{font-size:59px}<\/style><h2 class=\"elementor-heading-title elementor-size-default\">st\u00f6tta oss - ge en g\u00e5va\n<\/h2>\t\t<\/div>\n\t\t\t\t<\/div>\n\t\t\t\t<div class=\"elementor-element elementor-element-c4a9e09 elementor-widget elementor-widget-text-editor\" data-id=\"c4a9e09\" data-element_type=\"widget\" data-widget_type=\"text-editor.default\">\n\t\t\t\t<div class=\"elementor-widget-container\">\n\t\t\t<style>\/*! elementor - v3.17.0 - 25-10-2023 *\/\n.elementor-widget-text-editor.elementor-drop-cap-view-stacked .elementor-drop-cap{background-color:#69727d;color:#fff}.elementor-widget-text-editor.elementor-drop-cap-view-framed .elementor-drop-cap{color:#69727d;border:3px solid;background-color:transparent}.elementor-widget-text-editor:not(.elementor-drop-cap-view-default) .elementor-drop-cap{margin-top:8px}.elementor-widget-text-editor:not(.elementor-drop-cap-view-default) .elementor-drop-cap-letter{width:1em;height:1em}.elementor-widget-text-editor .elementor-drop-cap{float:left;text-align:center;line-height:1;font-size:50px}.elementor-widget-text-editor .elementor-drop-cap-letter{display:inline-block}<\/style>\t\t\t\t<p><b>\u0647\u0644 \u064a\u0645\u0643\u0646\u0643\u0645 \u0627\u0644\u062d\u0635\u0648\u0644 \u0639\u0644\u0649 \u0642\u0631\u0636 \u0645\u0646 \u0627\u0644\u0628\u0646\u0643 \u0627\u0644\u0645\u0631\u0643\u0632\u064a \u0627\u0644\u0623\u0648\u0631\u0648\u0628\u064a\u061f Betala en g\u00e5va \u062d\u062a\u0649 \u0628\u0646\u0643 5946-2903. M\u00e4rk betalningen med &#8220;G\u00e5va&#8221;.  <\/b><\/p>\n\t\t\t\t\t\t<\/div>\n\t\t\t\t<\/div>\n\t\t\t\t<div class=\"elementor-element elementor-element-d108f52 elementor-widget elementor-widget-text-editor\" data-id=\"d108f52\" data-element_type=\"widget\" data-widget_type=\"text-editor.default\">\n\t\t\t\t<div class=\"elementor-widget-container\">\n\t\t\t\t\t\t\t<p><b>Vi str\u00e4var efter att:<\/b><\/p>\n<ol>\n<li><span style=\"font-weight: 400;\">H\u00f6ja allm\u00e4nhetens medvetenhet.<\/span><\/li>\n<li><span style=\"font-weight: 400;\">Tillhandahhandah\u00e5lla ett st\u00f6dn\u00e4tverk f\u00f6r individivider med s\u00e4rskilda behov.<\/span><\/li>\n<li><span style=\"font-weight: 400;\">\u0627\u0637\u0644\u0628 \u0645\u0639\u0644\u0648\u0645\u0627\u062a \u0648\u0627\u0641\u064a\u0629 \u0648\u0645\u0635\u0627\u062f\u0631 \u0645\u0639\u0644\u0648\u0645\u0627\u062a \u0648\u0627\u0641\u064a\u0629 \u0648\u0645\u0639\u0644\u0648\u0645\u0627\u062a \u0645\u0641\u064a\u062f\u0629 \u062d\u062a\u0649 \u062a\u0635\u0644 \u0625\u0644\u0649 \u0623\u0648\u0644\u064a\u0643\u0627 \u062a\u064a\u0646\u0633\u062a\u0631.<\/span><\/li>\n<li><span style=\"font-weight: 400;\">\u0628\u0631\u0646\u0627\u0645\u062c Fr\u00e4mja r\u00e4ttttigheterna f\u00f6r individivider med s\u00e4rskilda behov.<\/span><\/li>\n<li><span style=\"font-weight: 400;\">Ge omfattattande data om andra f\u00f6reningar f\u00f6r s\u00e4rskilda behov i Helsingborg och Sk\u00e5neregionen.<\/span><\/li>\n<li><span style=\"font-weight: 400;\">Sammanst\u00e4lla och dela information om tillg\u00e4ngliga parker och rekreativa aktiviteter i Helsingborg.<\/span><\/li>\n<\/ol>\n<p><b>Tack f\u00f6r att att du st\u00f6djer oss!<\/b><\/p>\n\t\t\t\t\t\t<\/div>\n\t\t\t\t<\/div>\n\t\t\t\t\t<\/div>\n\t\t<\/div>\n\t\t\t\t<div class=\"elementor-column elementor-col-50 elementor-top-column elementor-element elementor-element-36625ce\" data-id=\"36625ce\" data-element_type=\"column\">\n\t\t\t<div class=\"elementor-widget-wrap elementor-element-populated\">\n\t\t\t\t\t\t\t\t<div class=\"elementor-element elementor-element-0ad8cc5 elementor-widget elementor-widget-image\" data-id=\"0ad8cc5\" data-element_type=\"widget\" data-widget_type=\"image.default\">\n\t\t\t\t<div class=\"elementor-widget-container\">\n\t\t\t\t\t\t\t\t\t\t\t\t\t\t\t<img decoding=\"async\" width=\"940\" height=\"627\" src=\"https:\/\/mittspeciellabarn.se\/wp-content\/uploads\/2023\/05\/faces-of-ASD-e1684131534619.jpg\" class=\"attachment-large size-large wp-image-15423\" alt=\"\" loading=\"lazy\" srcset=\"https:\/\/mittspeciellabarn.se\/wp-content\/uploads\/2023\/05\/faces-of-ASD-e1684131534619.jpg 997w, https:\/\/mittspeciellabarn.se\/wp-content\/uploads\/2023\/05\/faces-of-ASD-e1684131534619-600x400.jpg 600w, https:\/\/mittspeciellabarn.se\/wp-content\/uploads\/2023\/05\/faces-of-ASD-e1684131534619-300x200.jpg 300w, https:\/\/mittspeciellabarn.se\/wp-content\/uploads\/2023\/05\/faces-of-ASD-e1684131534619-768x512.jpg 768w\" sizes=\"(max-width: 940px) 100vw, 940px\" \/>\t\t\t\t\t\t\t\t\t\t\t\t\t\t\t<\/div>\n\t\t\t\t<\/div>\n\t\t\t\t<div class=\"elementor-element elementor-element-d251c7b elementor-widget elementor-widget-heading\" data-id=\"d251c7b\" data-element_type=\"widget\" data-widget_type=\"heading.default\">\n\t\t\t\t<div class=\"elementor-widget-container\">\n\t\t\t<h2 class=\"elementor-heading-title elementor-size-default\">\u0641\u0627\u0631\u0627 \u0645\u064a\u062f\u0644\u0645<\/h2>\t\t<\/div>\n\t\t\t\t<\/div>\n\t\t\t\t<div class=\"elementor-element elementor-element-1ed78ed elementor-widget elementor-widget-text-editor\" data-id=\"1ed78ed\" data-element_type=\"widget\" data-widget_type=\"text-editor.default\">\n\t\t\t\t<div class=\"elementor-widget-container\">\n\t\t\t\t\t\t\t<p><strong>V\u00e4lkommen som medlkommen hos oss! Genom medlemskapet f\u00e5r du m\u00f6jligighet att <\/strong><\/p>\n<ol>\n<li>\u064a\u0642\u0648\u0645 Sprider kunskap\u060c \u0648\u064a\u0648\u0641\u0631 \u062d\u0644\u0648\u0644\u0627\u064b \u0644\u0644\u0645\u0634\u0627\u0643\u0644\u060c \u0648\u064a\u0636\u0639 \u062d\u0644\u0648\u0644\u0627\u064b \u0644\u0644\u0645\u0634\u0627\u0643\u0644\u060c \u0648\u064a\u0648\u0641\u0631 \u0627\u0644\u062f\u0639\u0645 \u0644\u0644\u0623\u0641\u0631\u0627\u062f \u0645\u0646 \u0623\u062c\u0644 \u062a\u062d\u0642\u064a\u0642 \u0623\u0647\u062f\u0627\u0641\u0647\u0645.<\/li>\n<li>\u064a\u0645\u0643\u0646\u0643 \u0625\u0646\u0634\u0627\u0621 \u0645\u0646\u062a\u062f\u0649 \u0648\u0645\u0646\u062a\u062f\u064a\u0627\u062a \u0644\u0644\u0623\u0634\u062e\u0627\u0635 \u0627\u0644\u0630\u064a\u0646 \u064a\u0639\u0627\u0646\u0648\u0646 \u0645\u0646 \u0646\u0641\u0633 \u0627\u0644\u062a\u0634\u062e\u064a\u0635\u0627\u062a \u0627\u0644\u062a\u064a \u062a\u0645 \u062a\u0634\u062e\u064a\u0635\u0647\u0627 \u0645\u0646 \u0642\u0628\u0644 \u0627\u0644\u0623\u0634\u062e\u0627\u0635 \u0627\u0644\u0630\u064a\u0646 \u064a\u0639\u0627\u0646\u0648\u0646 \u0645\u0646 \u0646\u0641\u0633 \u0627\u0644\u0645\u0634\u0643\u0644\u0629.<\/li>\n<li>\u0641\u0642\u0637 \u0639\u0646\u062f\u0645\u0627 \u062a\u062a\u062c\u0648\u0644 \u0641\u064a \u0627\u0644\u0645\u0643\u0627\u0646\u060c \u0633\u062a\u062c\u062f \u0623\u0646 \u0647\u0646\u0627\u0643 \u0627\u0644\u0643\u062b\u064a\u0631 \u0645\u0646 \u0627\u0644\u0623\u0634\u062c\u0627\u0631 \u0641\u064a \u0627\u0644\u0623\u0631\u0636. \u0644\u0642\u062f \u0648\u0642\u0641\u062a \u0641\u064a \u0645\u0643\u0627\u0646 \u0645\u0627 \u0639\u0644\u0649 \u0627\u0644\u0634\u062c\u0631\u0629. <\/li>\n<\/ol>\n\t\t\t\t\t\t<\/div>\n\t\t\t\t<\/div>\n\t\t\t\t<div class=\"elementor-element elementor-element-b6db78f elementor-align-center elementor-widget elementor-widget-button\" data-id=\"b6db78f\" data-element_type=\"widget\" data-widget_type=\"button.default\">\n\t\t\t\t<div class=\"elementor-widget-container\">\n\t\t\t\t\t<div class=\"elementor-button-wrapper\">\n\t\t\t<a class=\"elementor-button elementor-button-link elementor-size-sm\" href=\"https:\/\/mittspeciellabarn.se\/sv\/ledamot-f-engelska\/\">\n\t\t\t\t\t\t<span class=\"elementor-button-content-wrapper\">\n\t\t\t\t\t\t<span class=\"elementor-button-text\">\u0641\u0627\u0631\u0627 \u0645\u064a\u062f\u0644\u0645<\/span>\n\t\t<\/span>\n\t\t\t\t\t<\/a>\n\t\t<\/div>\n\t\t\t\t<\/div>\n\t\t\t\t<\/div>\n\t\t\t\t\t<\/div>\n\t\t<\/div>\n\t\t\t\t\t\t\t<\/div>\n\t\t<\/section>\n\t\t\t\t<section class=\"elementor-section elementor-top-section elementor-element elementor-element-9a06c95 elementor-section-boxed elementor-section-height-default elementor-section-height-default\" data-id=\"9a06c95\" data-element_type=\"section\">\n\t\t\t\t\t\t<div class=\"elementor-container elementor-column-gap-default\">\n\t\t\t\t\t<div class=\"elementor-column elementor-col-100 elementor-top-column elementor-element elementor-element-1d17960\" data-id=\"1d17960\" data-element_type=\"column\">\n\t\t\t<div class=\"elementor-widget-wrap\">\n\t\t\t\t\t\t\t\t\t<\/div>\n\t\t<\/div>\n\t\t\t\t\t\t\t<\/div>\n\t\t<\/section>\n\t\t\t\t\t\t\t<\/div>\n\t\t","protected":false},"excerpt":{"rendered":"<p>st\u00f6tta oss &#8211; ge en g\u00e5va \u0647\u0644 \u064a\u0645\u0643\u0646\u0643\u0645 \u0627\u0644\u062d\u0635\u0648\u0644 \u0639\u0644\u0649 \u0642\u0631\u0636 \u0645\u0646 \u0627\u0644\u0628\u0646\u0643 \u0627\u0644\u0645\u0631\u0643\u0632\u064a \u0627\u0644\u0623\u0648\u0631\u0648\u0628\u064a\u061f Betala en g\u00e5va \u062d\u062a\u0649 \u0628\u0646\u0643 5946-2903. M\u00e4rk betalningen med &#8220;G\u00e5va&#8221;. Vi str\u00e4var efter att: H\u00f6ja allm\u00e4nhetens medvetenhet. Tillhandahhandah\u00e5lla ett st\u00f6dn\u00e4tverk f\u00f6r individivider med s\u00e4rskilda behov. \u0627\u0637\u0644\u0628 \u0645\u0639\u0644\u0648\u0645\u0627\u062a \u0648\u0627\u0641\u064a\u0629 \u0648\u0645\u0635\u0627\u062f\u0631 \u0645\u0639\u0644\u0648\u0645\u0627\u062a \u0648\u0627\u0641\u064a\u0629 \u0648\u0645\u0639\u0644\u0648\u0645\u0627\u062a \u0645\u0641\u064a\u062f\u0629 \u062d\u062a\u0649 \u062a\u0635\u0644 \u0625\u0644\u0649 \u0623\u0648\u0644\u064a\u0643\u0627 \u062a\u064a\u0646\u0633\u062a\u0631. \u0628\u0631\u0646\u0627\u0645\u062c Fr\u00e4mja [&hellip;]<\/p>\n","protected":false},"author":4,"featured_media":0,"parent":0,"menu_order":0,"comment_status":"closed","ping_status":"closed","template":"","meta":{"_mi_skip_tracking":false,"_monsterinsights_sitenote_active":false,"_monsterinsights_sitenote_note":"","_monsterinsights_sitenote_category":0},"_links":{"self":[{"href":"https:\/\/mittspeciellabarn.se\/ar\/wp-json\/wp\/v2\/pages\/17707"}],"collection":[{"href":"https:\/\/mittspeciellabarn.se\/ar\/wp-json\/wp\/v2\/pages"}],"about":[{"href":"https:\/\/mittspeciellabarn.se\/ar\/wp-json\/wp\/v2\/types\/page"}],"author":[{"embeddable":true,"href":"https:\/\/mittspeciellabarn.se\/ar\/wp-json\/wp\/v2\/users\/4"}],"replies":[{"embeddable":true,"href":"https:\/\/mittspeciellabarn.se\/ar\/wp-json\/wp\/v2\/comments?post=17707"}],"version-history":[{"count":2,"href":"https:\/\/mittspeciellabarn.se\/ar\/wp-json\/wp\/v2\/pages\/17707\/revisions"}],"predecessor-version":[{"id":17725,"href":"https:\/\/mittspeciellabarn.se\/ar\/wp-json\/wp\/v2\/pages\/17707\/revisions\/17725"}],"wp:attachment":[{"href":"https:\/\/mittspeciellabarn.se\/ar\/wp-json\/wp\/v2\/media?parent=17707"}],"curies":[{"name":"wp","href":"https:\/\/api.w.org\/{rel}","templated":true}]}}