{"id":16338,"date":"2023-05-19T14:29:09","date_gmt":"2023-05-19T14:29:09","guid":{"rendered":"https:\/\/mittspeciellabarn.se\/%d8%af%d8%b9%d9%85-%d8%a7%d9%84%d9%85%d8%ac%d8%aa%d9%85%d8%b9\/"},"modified":"2026-01-12T10:14:46","modified_gmt":"2026-01-12T10:14:46","slug":"%d8%af%d8%b9%d9%85-%d8%a7%d9%84%d9%85%d8%ac%d8%aa%d9%85%d8%b9","status":"publish","type":"page","link":"https:\/\/mittspeciellabarn.se\/ar\/%d8%af%d8%b9%d9%85-%d8%a7%d9%84%d9%85%d8%ac%d8%aa%d9%85%d8%b9\/","title":{"rendered":"\u062f\u0639\u0645 \u0627\u0644\u0645\u062c\u062a\u0645\u0639"},"content":{"rendered":"<div class=\"wpb-content-wrapper\">[vc_row][vc_column][vc_column_text]\n<div class=\"search-form\">\n<form role=\"search\" action=\"\" method=\"get\"><input name=\"search_keywords\" type=\"text\" placeholder=\"\u0645\u0627 \u0627\u0644\u0630\u064a \u062a\u0628\u062d\u062b \u0639\u0646\u0647\u061f\"><br \/><input class=\"submit-button\" type=\"submit\" value=\"\u0628\u062d\u062b\"><\/form>\n<\/div>\n[\/vc_column_text][vc_empty_space][gt3_listing_grid items_per_line=&#8221;4&#8243; per_page=&#8221;12&#8243; show_filters=&#8221;&#8221; pagination_type=&#8221;load_more&#8221; categories=&#8221;csupport&#8221;][\/vc_column][\/vc_row][vc_row][vc_column][vc_message]<b><i>\u0645\u0644\u0627\u062d\u0638\u0629 \u0628\u0634\u0623\u0646 \u062c\u0645\u0639 \u0627\u0644\u0628\u064a\u0627\u0646\u0627\u062a:<\/i><\/b> <i><span style=\"font-weight: 400;\">\u064a\u062a\u0645 \u0627\u0644\u062d\u0635\u0648\u0644 \u0639\u0644\u0649 \u062c\u0645\u064a\u0639 \u0627\u0644\u0628\u064a\u0627\u0646\u0627\u062a \u0627\u0644\u062a\u064a \u0646\u062c\u0645\u0639\u0647\u0627 \u0645\u0646 \u0627\u0644\u0623\u0641\u0631\u0627\u062f \u060c \u0645\u0645\u0627 \u064a\u0648\u0641\u0631 \u062a\u062c\u0627\u0631\u0628 \u0648\u0631\u0624\u0649 \u0645\u0628\u0627\u0634\u0631\u0629. \u0646\u062d\u0646 \u0646\u0634\u062c\u0639 \u0627\u0644\u062c\u0645\u064a\u0639 \u0628\u0634\u062f\u0629 \u0639\u0644\u0649 \u0627\u0644\u0631\u062c\u0648\u0639 \u0625\u0644\u0649 \u0645\u0648\u0627\u0642\u0639 \u0627\u0644\u062c\u0645\u0639\u064a\u0627\u062a \u0627\u0644\u0641\u0631\u062f\u064a\u0629 \u0644\u0644\u062d\u0635\u0648\u0644 \u0639\u0644\u0649 \u0645\u0639\u0644\u0648\u0645\u0627\u062a \u0623\u0643\u062b\u0631 \u062a\u0641\u0635\u064a\u0644\u0627 \u062d\u0648\u0644 \u062e\u062f\u0645\u0627\u062a\u0647\u0645. <\/span><\/i>[\/vc_message][vc_column_text]\n<h2>F\u00f6rm\u00e5ner och frikort f\u00f6r dig med funktionsneds\u00e4ttning<\/h2>\n[\/vc_column_text][vc_column_text]<a href=\"https:\/\/www.skanetrafiken.se\/serviceresor\/fardtjanst\/#navItem2\">F\u00e4rdtj\u00e4nstkort och Riksf\u00e4rdtj\u00e4nst i Sk\u00e5ne<\/a>[\/vc_column_text][vc_column_text]<a href=\"https:\/\/helsingborg.se\/trafik-och-stadsplanering\/parkering\/soka-parkeringstillstand\/rorelsehindrade-2\/\">Parkeringstillst\u00e5nd f\u00f6r r\u00f6relsehindrad<\/a>[\/vc_column_text][vc_column_text]<a href=\"https:\/\/helsingborg.se\/omsorg-och-stod\/funktionsnedsattning\/aktiviteter-och-fritid\/kamratkortet\/\">\u0643\u0645\u0631\u0627\u062a\u0643\u0648\u0631\u062a\u064a\u062a<\/a>[\/vc_column_text][\/vc_column][\/vc_row][vc_section][vc_row][vc_column][vc_row_inner][vc_column_inner][vc_column_text]\n<h2>F\u00f6rm\u00e5ner och frikort f\u00f6r dig med funktionsneds\u00e4ttning<\/h2>\n[\/vc_column_text][vc_column_text]<strong>1. R\u00e5dgivare och st\u00f6d i Helsingborg<\/strong>[\/vc_column_text][vc_column_text]<a href=\"https:\/\/helsingborg.se\/omsorg-och-stod\/behover-du-hjalp-eller-rad\/\">https:\/\/helsingborg.se\/omsorg-och-stod\/behover-du-hjalp-eller-rad\/<\/a>[\/vc_column_text][vc_column_text]<b>2- St\u00f6d i skolan och kring utbildning &#8211; SPSM<\/b>[\/vc_column_text][vc_column_text]<a href=\"https:\/\/www.spsm.se\/om-oss\/uppdrag\/\">https:\/\/www.spsm.se\/om-oss\/uppdrag\/<\/a>[\/vc_column_text][vc_column_text]<b>3- . V\u00e5rden och utredning\/diagnos<\/b>[\/vc_column_text][vc_column_text]<a href=\"https:\/\/helsingborg.se\/forskola-och-utbildning\/elevhalsa\/\">https:\/\/helsingborg.se\/forskola-och-utbildning\/elevhalsa\/<\/a>[\/vc_column_text][vc_column_text]<a href=\"https:\/\/vard.skane.se\/psykiatri-skane\/for-barn-och-unga\/kontakta-oss\/en-vag-in-telefonradgivning\/\">https:\/\/vard.skane.se\/psykiatri-skane\/for-barn-och-unga\/kontakta-oss\/en-vag-in-telefonradgivning\/<\/a>[\/vc_column_text][vc_column_text]<a href=\"https:\/\/vard.skane.se\/psykiatri-skane\/mottagningar-och-avdelningar\/barn--och-ungdomspsykiatrimottagning-helsingborg\/1177.se\">https:\/\/vard.skane.se\/psykiatri-skane\/mottagningar-och-avdelningar\/barn&#8211;och-ungdomspsykiatrimottagning-helsingborg\/1177.se<\/a>[\/vc_column_text][vc_column_text]<a href=\"https:\/\/helsingborg.se\/omsorg-och-stod\/funktionsnedsattning\/stod-enligt-lss\/\">https:\/\/helsingborg.se\/omsorg-och-stod\/funktionsnedsattning\/stod-enligt-lss\/<\/a>[\/vc_column_text][\/vc_column_inner][\/vc_row_inner][\/vc_column][\/vc_row][\/vc_section]\n<\/div>","protected":false},"excerpt":{"rendered":"<p>[vc_row][vc_column][vc_column_text] [\/vc_column_text][vc_empty_space][gt3_listing_grid items_per_line=&#8221;4&#8243; per_page=&#8221;12&#8243; show_filters=&#8221;&#8221; pagination_type=&#8221;load_more&#8221; categories=&#8221;csupport&#8221;][\/vc_column][\/vc_row][vc_row][vc_column][vc_message]\u0645\u0644\u0627\u062d\u0638\u0629 \u0628\u0634\u0623\u0646 \u062c\u0645\u0639 \u0627\u0644\u0628\u064a\u0627\u0646\u0627\u062a: \u064a\u062a\u0645 \u0627\u0644\u062d\u0635\u0648\u0644 \u0639\u0644\u0649 \u062c\u0645\u064a\u0639 \u0627\u0644\u0628\u064a\u0627\u0646\u0627\u062a \u0627\u0644\u062a\u064a \u0646\u062c\u0645\u0639\u0647\u0627 \u0645\u0646 \u0627\u0644\u0623\u0641\u0631\u0627\u062f \u060c \u0645\u0645\u0627 \u064a\u0648\u0641\u0631 \u062a\u062c\u0627\u0631\u0628 \u0648\u0631\u0624\u0649 \u0645\u0628\u0627\u0634\u0631\u0629. \u0646\u062d\u0646 \u0646\u0634\u062c\u0639 \u0627\u0644\u062c\u0645\u064a\u0639 \u0628\u0634\u062f\u0629 \u0639\u0644\u0649 \u0627\u0644\u0631\u062c\u0648\u0639 \u0625\u0644\u0649 \u0645\u0648\u0627\u0642\u0639 \u0627\u0644\u062c\u0645\u0639\u064a\u0627\u062a \u0627\u0644\u0641\u0631\u062f\u064a\u0629 \u0644\u0644\u062d\u0635\u0648\u0644 \u0639\u0644\u0649 \u0645\u0639\u0644\u0648\u0645\u0627\u062a \u0623\u0643\u062b\u0631 \u062a\u0641\u0635\u064a\u0644\u0627 \u062d\u0648\u0644 \u062e\u062f\u0645\u0627\u062a\u0647\u0645. [\/vc_message][vc_column_text] F\u00f6rm\u00e5ner och frikort f\u00f6r dig med funktionsneds\u00e4ttning [\/vc_column_text][vc_column_text]F\u00e4rdtj\u00e4nstkort och Riksf\u00e4rdtj\u00e4nst i Sk\u00e5ne[\/vc_column_text][vc_column_text]Parkeringstillst\u00e5nd [&hellip;]<\/p>\n","protected":false},"author":1,"featured_media":0,"parent":0,"menu_order":0,"comment_status":"closed","ping_status":"closed","template":"","meta":{"_mi_skip_tracking":false,"_monsterinsights_sitenote_active":false,"_monsterinsights_sitenote_note":"","_monsterinsights_sitenote_category":0},"_links":{"self":[{"href":"https:\/\/mittspeciellabarn.se\/ar\/wp-json\/wp\/v2\/pages\/16338"}],"collection":[{"href":"https:\/\/mittspeciellabarn.se\/ar\/wp-json\/wp\/v2\/pages"}],"about":[{"href":"https:\/\/mittspeciellabarn.se\/ar\/wp-json\/wp\/v2\/types\/page"}],"author":[{"embeddable":true,"href":"https:\/\/mittspeciellabarn.se\/ar\/wp-json\/wp\/v2\/users\/1"}],"replies":[{"embeddable":true,"href":"https:\/\/mittspeciellabarn.se\/ar\/wp-json\/wp\/v2\/comments?post=16338"}],"version-history":[{"count":6,"href":"https:\/\/mittspeciellabarn.se\/ar\/wp-json\/wp\/v2\/pages\/16338\/revisions"}],"predecessor-version":[{"id":19800,"href":"https:\/\/mittspeciellabarn.se\/ar\/wp-json\/wp\/v2\/pages\/16338\/revisions\/19800"}],"wp:attachment":[{"href":"https:\/\/mittspeciellabarn.se\/ar\/wp-json\/wp\/v2\/media?parent=16338"}],"curies":[{"name":"wp","href":"https:\/\/api.w.org\/{rel}","templated":true}]}}